{"id":3406,"date":"2024-04-10T13:08:21","date_gmt":"2024-04-10T19:08:21","guid":{"rendered":"https:\/\/www.boisetoothtown.com\/?page_id=3406"},"modified":"2024-05-13T12:45:15","modified_gmt":"2024-05-13T18:45:15","slug":"baby-bottle-tooth-decay","status":"publish","type":"page","link":"https:\/\/www.boisetoothtown.com\/es\/services\/infant-toddler-dentistry\/baby-bottle-tooth-decay\/","title":{"rendered":"Caries Del Biber\u00f3n"},"content":{"rendered":"<h2>Caries del biber\u00f3n en Boise, ID<\/h2>\n<p>Como socios en el cuidado de la salud oral de su hijo, Boise Toothtown Dentistry for Kids le proporcionar\u00e1 la informaci\u00f3n y el asesoramiento necesarios para garantizar que los dientes de su hijo permanezcan sanos. No s\u00f3lo estamos aqu\u00ed para los ni\u00f1os, estamos aqu\u00ed para los padres tambi\u00e9n. Un tema importante a tener en cuenta es la caries del biber\u00f3n.<\/p>\n<h2>C\u00f3mo prevenir las caries del biber\u00f3n<\/h2>\n<p>Tu peque\u00f1o acabar\u00e1 perdiendo todos los dientes de leche. Sin embargo, el cuidado de los dientes de leche de su hijo es importante para una funci\u00f3n bucal c\u00f3moda y una buena salud. Adem\u00e1s, las caries en los dientes de leche pueden afectar negativamente a los dientes permanentes que se desarrollan dentro de la mand\u00edbula.<\/p>\n<blockquote>\n<h5><em> <img loading=\"lazy\" decoding=\"async\" class=\"alignnone wp-image-3764\" src=\"https:\/\/www.boisetoothtown.com\/wp-content\/uploads\/2024\/08\/lightbulb.png\" alt=\"\" width=\"35\" height=\"35\" \/>DID YOU KNOW? <\/em><\/h5>\n<p> All 20 of a child\u2019s primary teeth are already in their jaw at birth!<\/em><\/p><\/blockquote>\n<p>Mantener a tu beb\u00e9 a salvo de las caries de la primera infancia es sencillo. No permitas que tu beb\u00e9 se vaya a dormir con el biber\u00f3n o el vaso lleno de cualquier cosa. Si su pediatra lo aprueba despu\u00e9s de los seis meses de edad, puede acostar a su hijo con agua. As\u00ed de sencillo.<\/p>\n<p><strong>\u00a0<\/strong>He aqu\u00ed algunos consejos m\u00e1s para evitar las caries en beb\u00e9s y ni\u00f1os peque\u00f1os:<\/p>\n<ul>\n<li>No permitas que tu hijo tenga el biber\u00f3n todo el d\u00eda. En lugar de eso, qu\u00edtale el biber\u00f3n despu\u00e9s de comer.<\/li>\n<li>Despu\u00e9s de alimentar a tu beb\u00e9, l\u00edmpiale la boca, incluidas las enc\u00edas, con un trapo h\u00famedo, suave y mojado.<\/li>\n<li>No comparta utensilios ni vasos con su hijo ni entre ni\u00f1os. Esto puede permitir que las bacterias orales malas pasen a su hijo.<\/li>\n<li>Tras la erupci\u00f3n del primer diente, cep\u00edllate los dientes dos veces al d\u00eda con un dent\u00edfrico que no contenga fl\u00faor y un cepillo de tama\u00f1o adecuado. <strong>no<\/strong> contain fluoride and an appropriately sized toothbrush.<\/li>\n<li>Una vez que tenga dos dientes, empiece a utilizar suavemente el hilo dental a diario.<\/li>\n<li>Un ni\u00f1o mayor de tres a\u00f1os puede utilizar dent\u00edfrico fluorado, pero no debe trag\u00e1rselo.<\/li>\n<li>Traiga a los beb\u00e9s y ni\u00f1os peque\u00f1os a nuestra consulta para que les hagamos revisiones dos veces al a\u00f1o.<\/li>\n<li>A partir de los cuatro a\u00f1os, las limpiezas dentales deben seguir a las revisiones.<\/li>\n<\/ul>\n<p>Los s\u00edntomas de la caries de la primera infancia son, entre otros, los siguientes:<\/p>\n<ul>\n<li>Manchas, manchas marrones u otro tipo de decoloraci\u00f3n en los dientes, especialmente en la parte posterior de los dientes frontales.<\/li>\n<li>Caries o agujeros en los dientes.<\/li>\n<li>Dolor dental o sensibilidad a las temperaturas fr\u00edas\/calientes y a los alimentos y bebidas dulces.<\/li>\n<li>Dolor o inquietud al comer.<\/li>\n<\/ul>\n<h2>Tratamiento de las caries del biber\u00f3n<\/h2>\n<p>Si tu beb\u00e9 desarrolla caries, el tratamiento se personalizar\u00e1 en funci\u00f3n de la gravedad. En algunos casos, el tratamiento con fl\u00faor, las buenas pr\u00e1cticas de higiene dental en casa y los cambios en la dieta pueden ayudar. Si es necesario, colocaremos empastes dentales y\/o coronas. En casos graves, puede ser necesario extraer los dientes. Ayudaremos a su hijo a restablecer una buena salud oral para aliviar el dolor y para una funci\u00f3n oral c\u00f3moda.<\/p>\n<h2>Crear h\u00e1bitos saludables para toda la vida<\/h2>\n<p>\u00bfSu beb\u00e9 o ni\u00f1o peque\u00f1o presenta s\u00edntomas de caries? \u00bfHa tra\u00eddo a su hijo para un chequeo y limpieza \u00faltimamente? <a href=\"\/es\/contact\/\">contacto con nosotros<\/a> Boise Toothtown Dentistry for Kids hoy y programe una cita con nuestro experimentado equipo. \u00a1Esperamos poder ayudar a su hijo a disfrutar de una gran salud oral y una sonrisa hermosa para toda la vida!<\/p>","protected":false},"excerpt":{"rendered":"<p>La caries del biber\u00f3n puede provocar caries en la primera infancia. Aprenda a prevenir esta afecci\u00f3n y mantenga sana la sonrisa de su hijo.<\/p>","protected":false},"author":2,"featured_media":3426,"parent":3402,"menu_order":0,"comment_status":"closed","ping_status":"closed","template":"","meta":{"_et_pb_use_builder":"","_et_pb_old_content":"","_et_gb_content_width":"","_monsterinsights_skip_tracking":false,"_monsterinsights_sitenote_active":false,"_monsterinsights_sitenote_note":"","_monsterinsights_sitenote_category":0,"footnotes":""},"class_list":["post-3406","page","type-page","status-publish","has-post-thumbnail","hentry"],"aioseo_notices":[],"aioseo_head":"\n\t\t<!-- All in One SEO Pro 4.9.5.2 - aioseo.com -->\n\t<meta name=\"description\" content=\"Learn about baby bottle tooth decay and how to prevent this in your child. Contact Boise Toothtown Dentistry for Kids today to schedule an appointment.\" \/>\n\t<meta name=\"robots\" content=\"max-image-preview:large\" \/>\n\t<meta name=\"google-site-verification\" content=\"v-sYhcN3o2BuVnk3ojPL-EeMQ5RBDUgzDNKs7EcKcHA\" \/>\n\t<link rel=\"canonical\" href=\"https:\/\/www.boisetoothtown.com\/es\/services\/infant-toddler-dentistry\/baby-bottle-tooth-decay\/\" \/>\n\t<meta name=\"generator\" content=\"All in One SEO Pro (AIOSEO) 4.9.5.2\" \/>\n\t\t<meta property=\"og:locale\" content=\"es_MX\" \/>\n\t\t<meta property=\"og:site_name\" content=\"Boise Toothtown Dentistry for Kids | Our dental office is devoted to serving our community and ensuring everyone has affordable access to dental care. We have several payment options available in addition to dental insurance, including Medicaid and CareCredit.\" \/>\n\t\t<meta property=\"og:type\" content=\"company\" \/>\n\t\t<meta property=\"og:title\" content=\"Baby Bottle Tooth Decay in Boise | Boise Toothtown Dentistry for Kids\" \/>\n\t\t<meta property=\"og:description\" content=\"Learn about baby bottle tooth decay and how to prevent this in your child. Contact Boise Toothtown Dentistry for Kids today to schedule an appointment.\" \/>\n\t\t<meta property=\"og:url\" content=\"https:\/\/www.boisetoothtown.com\/es\/services\/infant-toddler-dentistry\/baby-bottle-tooth-decay\/\" \/>\n\t\t<meta property=\"og:image\" content=\"https:\/\/www.boisetoothtown.com\/wp-content\/uploads\/2024\/04\/BabySmilingwithBottle.jpg\" \/>\n\t\t<meta property=\"og:image:secure_url\" content=\"https:\/\/www.boisetoothtown.com\/wp-content\/uploads\/2024\/04\/BabySmilingwithBottle.jpg\" \/>\n\t\t<meta property=\"og:image:width\" content=\"600\" \/>\n\t\t<meta property=\"og:image:height\" content=\"600\" \/>\n\t\t<meta name=\"twitter:card\" content=\"summary_large_image\" \/>\n\t\t<meta name=\"twitter:title\" content=\"Baby Bottle Tooth Decay in Boise | Boise Toothtown Dentistry for Kids\" \/>\n\t\t<meta name=\"twitter:description\" content=\"Learn about baby bottle tooth decay and how to prevent this in your child. Contact Boise Toothtown Dentistry for Kids today to schedule an appointment.\" \/>\n\t\t<meta name=\"twitter:image\" content=\"https:\/\/www.boisetoothtown.com\/wp-content\/uploads\/2024\/07\/boise-toothtown-logo.png\" \/>\n\t\t<script type=\"application\/ld+json\" class=\"aioseo-schema\">\n\t\t\t{\"@context\":\"https:\\\/\\\/schema.org\",\"@graph\":[{\"@type\":\"BreadcrumbList\",\"@id\":\"https:\\\/\\\/www.boisetoothtown.com\\\/es\\\/services\\\/infant-toddler-dentistry\\\/baby-bottle-tooth-decay\\\/#breadcrumblist\",\"itemListElement\":[{\"@type\":\"ListItem\",\"@id\":\"https:\\\/\\\/www.boisetoothtown.com\\\/es#listItem\",\"position\":1,\"name\":\"Home\",\"item\":\"https:\\\/\\\/www.boisetoothtown.com\\\/es\",\"nextItem\":{\"@type\":\"ListItem\",\"@id\":\"https:\\\/\\\/www.boisetoothtown.com\\\/es\\\/services\\\/#listItem\",\"name\":\"Services\"}},{\"@type\":\"ListItem\",\"@id\":\"https:\\\/\\\/www.boisetoothtown.com\\\/es\\\/services\\\/#listItem\",\"position\":2,\"name\":\"Services\",\"item\":\"https:\\\/\\\/www.boisetoothtown.com\\\/es\\\/services\\\/\",\"nextItem\":{\"@type\":\"ListItem\",\"@id\":\"https:\\\/\\\/www.boisetoothtown.com\\\/es\\\/services\\\/infant-toddler-dentistry\\\/#listItem\",\"name\":\"Infant &#038; Toddler Dentistry\"},\"previousItem\":{\"@type\":\"ListItem\",\"@id\":\"https:\\\/\\\/www.boisetoothtown.com\\\/es#listItem\",\"name\":\"Home\"}},{\"@type\":\"ListItem\",\"@id\":\"https:\\\/\\\/www.boisetoothtown.com\\\/es\\\/services\\\/infant-toddler-dentistry\\\/#listItem\",\"position\":3,\"name\":\"Infant &#038; Toddler Dentistry\",\"item\":\"https:\\\/\\\/www.boisetoothtown.com\\\/es\\\/services\\\/infant-toddler-dentistry\\\/\",\"nextItem\":{\"@type\":\"ListItem\",\"@id\":\"https:\\\/\\\/www.boisetoothtown.com\\\/es\\\/services\\\/infant-toddler-dentistry\\\/baby-bottle-tooth-decay\\\/#listItem\",\"name\":\"Baby Bottle Tooth Decay\"},\"previousItem\":{\"@type\":\"ListItem\",\"@id\":\"https:\\\/\\\/www.boisetoothtown.com\\\/es\\\/services\\\/#listItem\",\"name\":\"Services\"}},{\"@type\":\"ListItem\",\"@id\":\"https:\\\/\\\/www.boisetoothtown.com\\\/es\\\/services\\\/infant-toddler-dentistry\\\/baby-bottle-tooth-decay\\\/#listItem\",\"position\":4,\"name\":\"Baby Bottle Tooth Decay\",\"previousItem\":{\"@type\":\"ListItem\",\"@id\":\"https:\\\/\\\/www.boisetoothtown.com\\\/es\\\/services\\\/infant-toddler-dentistry\\\/#listItem\",\"name\":\"Infant &#038; Toddler Dentistry\"}}]},{\"@type\":\"Organization\",\"@id\":\"https:\\\/\\\/www.boisetoothtown.com\\\/es\\\/#organization\",\"name\":\"Boise Toothtown Dentistry for Kids\",\"description\":\"Our dental office is devoted to serving our community and ensuring everyone has affordable access to dental care. We have several payment options available in addition to dental insurance, including Medicaid and CareCredit.\",\"url\":\"https:\\\/\\\/www.boisetoothtown.com\\\/es\\\/\",\"email\":\"office@boisetoothtown.com\",\"telephone\":\"+12085041275\",\"logo\":{\"@type\":\"ImageObject\",\"url\":\"https:\\\/\\\/www.boisetoothtown.com\\\/wp-content\\\/uploads\\\/2024\\\/07\\\/boise-toothtown-logo.png\",\"@id\":\"https:\\\/\\\/www.boisetoothtown.com\\\/es\\\/services\\\/infant-toddler-dentistry\\\/baby-bottle-tooth-decay\\\/#organizationLogo\",\"width\":350,\"height\":142},\"image\":{\"@id\":\"https:\\\/\\\/www.boisetoothtown.com\\\/es\\\/services\\\/infant-toddler-dentistry\\\/baby-bottle-tooth-decay\\\/#organizationLogo\"},\"sameAs\":[\"https:\\\/\\\/www.facebook.com\\\/btoothtown1\\\/\",\"https:\\\/\\\/www.yelp.com\\\/biz\\\/boise-toothtown-boise\"],\"address\":{\"@id\":\"https:\\\/\\\/www.boisetoothtown.com\\\/es\\\/#postaladdress\",\"@type\":\"PostalAddress\",\"streetAddress\":\"13014 W. Persimmon Ln.,\",\"postalCode\":\"83713\",\"addressLocality\":\"Boise\",\"addressRegion\":\"Idaho\",\"addressCountry\":\"US\"}},{\"@type\":\"WebPage\",\"@id\":\"https:\\\/\\\/www.boisetoothtown.com\\\/es\\\/services\\\/infant-toddler-dentistry\\\/baby-bottle-tooth-decay\\\/#webpage\",\"url\":\"https:\\\/\\\/www.boisetoothtown.com\\\/es\\\/services\\\/infant-toddler-dentistry\\\/baby-bottle-tooth-decay\\\/\",\"name\":\"Baby Bottle Tooth Decay in Boise | Boise Toothtown Dentistry for Kids\",\"description\":\"Learn about baby bottle tooth decay and how to prevent this in your child. Contact Boise Toothtown Dentistry for Kids today to schedule an appointment.\",\"inLanguage\":\"es-MX\",\"isPartOf\":{\"@id\":\"https:\\\/\\\/www.boisetoothtown.com\\\/es\\\/#website\"},\"breadcrumb\":{\"@id\":\"https:\\\/\\\/www.boisetoothtown.com\\\/es\\\/services\\\/infant-toddler-dentistry\\\/baby-bottle-tooth-decay\\\/#breadcrumblist\"},\"image\":{\"@type\":\"ImageObject\",\"url\":\"https:\\\/\\\/www.boisetoothtown.com\\\/wp-content\\\/uploads\\\/2024\\\/04\\\/BabySmilingwithBottle.jpg\",\"@id\":\"https:\\\/\\\/www.boisetoothtown.com\\\/es\\\/services\\\/infant-toddler-dentistry\\\/baby-bottle-tooth-decay\\\/#mainImage\",\"width\":600,\"height\":600,\"caption\":\"Baby on the floor with a bottle\"},\"primaryImageOfPage\":{\"@id\":\"https:\\\/\\\/www.boisetoothtown.com\\\/es\\\/services\\\/infant-toddler-dentistry\\\/baby-bottle-tooth-decay\\\/#mainImage\"},\"datePublished\":\"2024-04-10T13:08:21-06:00\",\"dateModified\":\"2024-05-13T12:45:15-06:00\"},{\"@type\":\"WebSite\",\"@id\":\"https:\\\/\\\/www.boisetoothtown.com\\\/es\\\/#website\",\"url\":\"https:\\\/\\\/www.boisetoothtown.com\\\/es\\\/\",\"name\":\"Boise Toothtown Dentistry for Kids\",\"alternateName\":\"Boise Toothtown Dentistry\",\"description\":\"Our dental office is devoted to serving our community and ensuring everyone has affordable access to dental care. We have several payment options available in addition to dental insurance, including Medicaid and CareCredit.\",\"inLanguage\":\"es-MX\",\"publisher\":{\"@id\":\"https:\\\/\\\/www.boisetoothtown.com\\\/es\\\/#organization\"}}]}\n\t\t<\/script>\n\t\t<!-- All in One SEO Pro -->\r\n\t\t<title>Baby Bottle Tooth Decay in Boise | Boise Toothtown Dentistry for Kids<\/title>\n\n","aioseo_head_json":{"title":"Caries del biber\u00f3n en Boise | Boise Toothtown Dentistry for Kids","description":"Aprenda acerca de la caries del biber\u00f3n y c\u00f3mo prevenir esto en su hijo. P\u00f3ngase en contacto con Boise Toothtown Dentistry for Kids hoy para programar una cita.","canonical_url":"https:\/\/www.boisetoothtown.com\/es\/services\/infant-toddler-dentistry\/baby-bottle-tooth-decay\/","robots":"max-image-preview:large","keywords":"","webmasterTools":{"google-site-verification":"v-sYhcN3o2BuVnk3ojPL-EeMQ5RBDUgzDNKs7EcKcHA","miscellaneous":""},"schema":{"@context":"https:\/\/schema.org","@graph":[{"@type":"BreadcrumbList","@id":"https:\/\/www.boisetoothtown.com\/es\/services\/infant-toddler-dentistry\/baby-bottle-tooth-decay\/#breadcrumblist","itemListElement":[{"@type":"ListItem","@id":"https:\/\/www.boisetoothtown.com\/es#listItem","position":1,"name":"Home","item":"https:\/\/www.boisetoothtown.com\/es","nextItem":{"@type":"ListItem","@id":"https:\/\/www.boisetoothtown.com\/es\/services\/#listItem","name":"Services"}},{"@type":"ListItem","@id":"https:\/\/www.boisetoothtown.com\/es\/services\/#listItem","position":2,"name":"Services","item":"https:\/\/www.boisetoothtown.com\/es\/services\/","nextItem":{"@type":"ListItem","@id":"https:\/\/www.boisetoothtown.com\/es\/services\/infant-toddler-dentistry\/#listItem","name":"Infant &#038; Toddler Dentistry"},"previousItem":{"@type":"ListItem","@id":"https:\/\/www.boisetoothtown.com\/es#listItem","name":"Home"}},{"@type":"ListItem","@id":"https:\/\/www.boisetoothtown.com\/es\/services\/infant-toddler-dentistry\/#listItem","position":3,"name":"Infant &#038; Toddler Dentistry","item":"https:\/\/www.boisetoothtown.com\/es\/services\/infant-toddler-dentistry\/","nextItem":{"@type":"ListItem","@id":"https:\/\/www.boisetoothtown.com\/es\/services\/infant-toddler-dentistry\/baby-bottle-tooth-decay\/#listItem","name":"Baby Bottle Tooth Decay"},"previousItem":{"@type":"ListItem","@id":"https:\/\/www.boisetoothtown.com\/es\/services\/#listItem","name":"Services"}},{"@type":"ListItem","@id":"https:\/\/www.boisetoothtown.com\/es\/services\/infant-toddler-dentistry\/baby-bottle-tooth-decay\/#listItem","position":4,"name":"Baby Bottle Tooth Decay","previousItem":{"@type":"ListItem","@id":"https:\/\/www.boisetoothtown.com\/es\/services\/infant-toddler-dentistry\/#listItem","name":"Infant &#038; Toddler Dentistry"}}]},{"@type":"Organization","@id":"https:\/\/www.boisetoothtown.com\/es\/#organization","name":"Boise Toothtown Dentistry for Kids","description":"Our dental office is devoted to serving our community and ensuring everyone has affordable access to dental care. We have several payment options available in addition to dental insurance, including Medicaid and CareCredit.","url":"https:\/\/www.boisetoothtown.com\/es\/","email":"office@boisetoothtown.com","telephone":"+12085041275","logo":{"@type":"ImageObject","url":"https:\/\/www.boisetoothtown.com\/wp-content\/uploads\/2024\/07\/boise-toothtown-logo.png","@id":"https:\/\/www.boisetoothtown.com\/es\/services\/infant-toddler-dentistry\/baby-bottle-tooth-decay\/#organizationLogo","width":350,"height":142},"image":{"@id":"https:\/\/www.boisetoothtown.com\/es\/services\/infant-toddler-dentistry\/baby-bottle-tooth-decay\/#organizationLogo"},"sameAs":["https:\/\/www.facebook.com\/btoothtown1\/","https:\/\/www.yelp.com\/biz\/boise-toothtown-boise"],"address":{"@id":"https:\/\/www.boisetoothtown.com\/es\/#postaladdress","@type":"PostalAddress","streetAddress":"13014 W. Persimmon Ln.,","postalCode":"83713","addressLocality":"Boise","addressRegion":"Idaho","addressCountry":"US"}},{"@type":"WebPage","@id":"https:\/\/www.boisetoothtown.com\/es\/services\/infant-toddler-dentistry\/baby-bottle-tooth-decay\/#webpage","url":"https:\/\/www.boisetoothtown.com\/es\/services\/infant-toddler-dentistry\/baby-bottle-tooth-decay\/","name":"Baby Bottle Tooth Decay in Boise | Boise Toothtown Dentistry for Kids","description":"Learn about baby bottle tooth decay and how to prevent this in your child. Contact Boise Toothtown Dentistry for Kids today to schedule an appointment.","inLanguage":"es-MX","isPartOf":{"@id":"https:\/\/www.boisetoothtown.com\/es\/#website"},"breadcrumb":{"@id":"https:\/\/www.boisetoothtown.com\/es\/services\/infant-toddler-dentistry\/baby-bottle-tooth-decay\/#breadcrumblist"},"image":{"@type":"ImageObject","url":"https:\/\/www.boisetoothtown.com\/wp-content\/uploads\/2024\/04\/BabySmilingwithBottle.jpg","@id":"https:\/\/www.boisetoothtown.com\/es\/services\/infant-toddler-dentistry\/baby-bottle-tooth-decay\/#mainImage","width":600,"height":600,"caption":"Baby on the floor with a bottle"},"primaryImageOfPage":{"@id":"https:\/\/www.boisetoothtown.com\/es\/services\/infant-toddler-dentistry\/baby-bottle-tooth-decay\/#mainImage"},"datePublished":"2024-04-10T13:08:21-06:00","dateModified":"2024-05-13T12:45:15-06:00"},{"@type":"WebSite","@id":"https:\/\/www.boisetoothtown.com\/es\/#website","url":"https:\/\/www.boisetoothtown.com\/es\/","name":"Boise Toothtown Dentistry for Kids","alternateName":"Boise Toothtown Dentistry","description":"Our dental office is devoted to serving our community and ensuring everyone has affordable access to dental care. We have several payment options available in addition to dental insurance, including Medicaid and CareCredit.","inLanguage":"es-MX","publisher":{"@id":"https:\/\/www.boisetoothtown.com\/es\/#organization"}}]},"og:locale":"es_MX","og:site_name":"Boise Toothtown Dentistry for Kids | Our dental office is devoted to serving our community and ensuring everyone has affordable access to dental care. We have several payment options available in addition to dental insurance, including Medicaid and CareCredit.","og:type":"company","og:title":"Baby Bottle Tooth Decay in Boise | Boise Toothtown Dentistry for Kids","og:description":"Learn about baby bottle tooth decay and how to prevent this in your child. Contact Boise Toothtown Dentistry for Kids today to schedule an appointment.","og:url":"https:\/\/www.boisetoothtown.com\/es\/services\/infant-toddler-dentistry\/baby-bottle-tooth-decay\/","og:image":"https:\/\/www.boisetoothtown.com\/wp-content\/uploads\/2024\/04\/BabySmilingwithBottle.jpg","og:image:secure_url":"https:\/\/www.boisetoothtown.com\/wp-content\/uploads\/2024\/04\/BabySmilingwithBottle.jpg","og:image:width":600,"og:image:height":600,"twitter:card":"summary_large_image","twitter:title":"Baby Bottle Tooth Decay in Boise | Boise Toothtown Dentistry for Kids","twitter:description":"Learn about baby bottle tooth decay and how to prevent this in your child. Contact Boise Toothtown Dentistry for Kids today to schedule an appointment.","twitter:image":"https:\/\/www.boisetoothtown.com\/wp-content\/uploads\/2024\/07\/boise-toothtown-logo.png"},"aioseo_meta_data":{"post_id":"3406","title":null,"description":null,"keywords":[],"keyphrases":{"focus":{"keyphrase":"","score":0,"analysis":{"keyphraseInTitle":{"score":0,"maxScore":9,"error":1}}},"additional":[]},"primary_term":null,"canonical_url":null,"og_title":null,"og_description":null,"og_object_type":"default","og_image_type":"default","og_image_url":null,"og_image_width":null,"og_image_height":null,"og_image_custom_url":null,"og_image_custom_fields":null,"og_video":"","og_custom_url":null,"og_article_section":null,"og_article_tags":[],"twitter_use_og":false,"twitter_card":"default","twitter_image_type":"default","twitter_image_url":null,"twitter_image_custom_url":null,"twitter_image_custom_fields":null,"twitter_title":null,"twitter_description":null,"schema":{"blockGraphs":[],"customGraphs":[],"default":{"data":{"Article":[],"Course":[],"Dataset":[],"FAQPage":[],"Movie":[],"Person":[],"Product":[],"ProductReview":[],"Car":[],"Recipe":[],"Service":[],"SoftwareApplication":[],"WebPage":[]},"graphName":"WebPage","isEnabled":true},"graphs":[]},"schema_type":"default","schema_type_options":null,"pillar_content":false,"robots_default":true,"robots_noindex":false,"robots_noarchive":false,"robots_nosnippet":false,"robots_nofollow":false,"robots_noimageindex":false,"robots_noodp":false,"robots_notranslate":false,"robots_max_snippet":"-1","robots_max_videopreview":"-1","robots_max_imagepreview":"large","priority":null,"frequency":"default","local_seo":null,"seo_analyzer_scan_date":"2025-08-16 13:30:41","breadcrumb_settings":null,"limit_modified_date":false,"open_ai":"{\"title\":{\"suggestions\":[],\"usage\":0},\"description\":{\"suggestions\":[],\"usage\":0}}","ai":null,"created":"2024-04-10 19:08:21","updated":"2025-10-21 20:32:11"},"aioseo_breadcrumb":"<div class=\"aioseo-breadcrumbs\"><span class=\"aioseo-breadcrumb\">\n\t<a href=\"https:\/\/www.boisetoothtown.com\/es\" title=\"Home\">Home<\/a>\n<\/span><span class=\"aioseo-breadcrumb-separator\">&raquo;<\/span><span class=\"aioseo-breadcrumb\">\n\t<a href=\"https:\/\/www.boisetoothtown.com\/es\/services\/\" title=\"Services\">Services<\/a>\n<\/span><span class=\"aioseo-breadcrumb-separator\">&raquo;<\/span><span class=\"aioseo-breadcrumb\">\n\t<a href=\"https:\/\/www.boisetoothtown.com\/es\/services\/infant-toddler-dentistry\/\" title=\"Infant &amp; Toddler Dentistry\">Infant &amp; Toddler Dentistry<\/a>\n<\/span><span class=\"aioseo-breadcrumb-separator\">&raquo;<\/span><span class=\"aioseo-breadcrumb\">\n\tBaby Bottle Tooth Decay\n<\/span><\/div>","aioseo_breadcrumb_json":[{"label":"Home","link":"https:\/\/www.boisetoothtown.com\/es"},{"label":"Services","link":"https:\/\/www.boisetoothtown.com\/es\/services\/"},{"label":"Infant &#038; Toddler Dentistry","link":"https:\/\/www.boisetoothtown.com\/es\/services\/infant-toddler-dentistry\/"},{"label":"Baby Bottle Tooth Decay","link":"https:\/\/www.boisetoothtown.com\/es\/services\/infant-toddler-dentistry\/baby-bottle-tooth-decay\/"}],"_links":{"self":[{"href":"https:\/\/www.boisetoothtown.com\/es\/wp-json\/wp\/v2\/pages\/3406","targetHints":{"allow":["GET"]}}],"collection":[{"href":"https:\/\/www.boisetoothtown.com\/es\/wp-json\/wp\/v2\/pages"}],"about":[{"href":"https:\/\/www.boisetoothtown.com\/es\/wp-json\/wp\/v2\/types\/page"}],"author":[{"embeddable":true,"href":"https:\/\/www.boisetoothtown.com\/es\/wp-json\/wp\/v2\/users\/2"}],"replies":[{"embeddable":true,"href":"https:\/\/www.boisetoothtown.com\/es\/wp-json\/wp\/v2\/comments?post=3406"}],"version-history":[{"count":0,"href":"https:\/\/www.boisetoothtown.com\/es\/wp-json\/wp\/v2\/pages\/3406\/revisions"}],"up":[{"embeddable":true,"href":"https:\/\/www.boisetoothtown.com\/es\/wp-json\/wp\/v2\/pages\/3402"}],"wp:featuredmedia":[{"embeddable":true,"href":"https:\/\/www.boisetoothtown.com\/es\/wp-json\/wp\/v2\/media\/3426"}],"wp:attachment":[{"href":"https:\/\/www.boisetoothtown.com\/es\/wp-json\/wp\/v2\/media?parent=3406"}],"curies":[{"name":"wp","href":"https:\/\/api.w.org\/{rel}","templated":true}]}}