{"id":3436,"date":"2024-04-12T10:11:14","date_gmt":"2024-04-12T16:11:14","guid":{"rendered":"https:\/\/www.boisetoothtown.com\/?page_id=3436"},"modified":"2024-08-08T09:49:03","modified_gmt":"2024-08-08T15:49:03","slug":"primary-teeth","status":"publish","type":"page","link":"https:\/\/www.boisetoothtown.com\/es\/services\/infant-toddler-dentistry\/primary-teeth\/","title":{"rendered":"Cuidado de los dientes de leche"},"content":{"rendered":"<h2>Cuidado de los dientes de leche en Boise, ID<\/h2>\n<p>Normalmente, los primeros dientes de leche del beb\u00e9 empiezan a salir entre los seis y los diez meses de edad, y suelen aparecer de uno en uno. Una vez que aparecen los primeros, siguen saliendo piezas nuevas cada pocos meses. Contemplar c\u00f3mo crece y cambia tu peque\u00f1o es a la vez una alegr\u00eda y un reto. Es asombroso presenciar c\u00f3mo va tomando forma la sonrisa de un beb\u00e9, pero la dentici\u00f3n viene acompa\u00f1ada de dolor y nerviosismo. Aqu\u00ed encontrar\u00e1s algunos consejos \u00fatiles de nuestro equipo para controlar el dolor y el malestar que provoca la dentici\u00f3n de tu hijo.<\/p>\n<p>Desde Boise Toothtown Dentistry for Kids queremos cuidar contigo de esa sonrisita. Informar a los padres sobre <a href=\"\/es\/services\/infant-toddler-dentistry\/teething\/\">la dentici\u00f3n<\/a>, los plazos de desarrollo de los dientes y el cuidado bucal es parte de nuestro trabajo, \u00a1y lo disfrutamos mucho!<\/p>\n<h2>Cu\u00e1ndo aparecen los dientes de leche<\/h2>\n<p>El desarrollo de los dientes en beb\u00e9s y ni\u00f1os sigue un calendario preestablecido. A continuaci\u00f3n te indicamos los plazos previsibles, siempre teniendo en cuenta que puede haber unos meses de diferencia.<\/p>\n<ul>\n<li>Los incisivos centrales inferiores aparecen a los 6-10 meses.<\/li>\n<li>Los incisivos centrales superiores aparecen a los 8-12 meses.<\/li>\n<li>Los incisivos laterales superiores aparecen a los 9-13 meses.<\/li>\n<li>Los primeros molares inferiores aparecen entre los 10 y los 16 meses.<\/li>\n<li>Los caninos superiores (caninos) aparecen a los 16-22 meses.<\/li>\n<li>Los caninos inferiores (caninos) aparecen a los 17-23 meses.<\/li>\n<li>Los primeros y segundos molares superiores e inferiores aparecen a los 14-33 meses.<\/li>\n<\/ul>\n<blockquote>\n<h5><em> <img loading=\"lazy\" decoding=\"async\" class=\"alignnone wp-image-3764\" src=\"https:\/\/www.boisetoothtown.com\/wp-content\/uploads\/2024\/08\/lightbulb.png\" alt=\"\" width=\"35\" height=\"35\" \/>DID YOU KNOW? <\/em><\/h5>\n<p>One in 3500 babies are born with one or more teeth. These \u201cnatal\u201d teeth are usually malformed, so to avoid future irritation or injury, they\u2019re removed before the infant is sent home from the hospital.<\/p><\/blockquote>\n<h2>C\u00f3mo cuidar los nuevos dientes del beb\u00e9<\/h2>\n<p>Ba\u00f1ar regularmente al beb\u00e9 forma parte de una buena higiene, as\u00ed como tambi\u00e9n lo es limpiarle la boca despu\u00e9s de comer. Utiliza una toalla de felpa suave y h\u00fameda para limpiar suavemente la parte anterior y posterior de las enc\u00edas del lactante tras la toma.<\/p>\n<p>Cuando le salga el primer diente, probablemente el incisivo central inferior, l\u00edmpiaselo con un cepillo de dientes blando y peque\u00f1o y una cantidad de pasta dent\u00edfrica no fluorada del tama\u00f1o de un guisante. A medida que aparezcan otros dientes de leche, puedes empezar <a href=\"\/es\/services\/preventive-dental-care\/flossing\/\">pasar hilo dental<\/a> tambi\u00e9n con hilo dental.<\/p>\n<p>Trae a tu hijo a la consulta para realizarle una revisi\u00f3n antes de su primer cumplea\u00f1os, despu\u00e9s de la aparici\u00f3n del primer diente. Nuestro dentista infantil te informar\u00e1 sobre el cuidado y el desarrollo bucal. Tambi\u00e9n evaluaremos el interior de la boca del beb\u00e9 para valorar los dientes de leche y el desarrollo oral estructural.<\/p>\n<h2>Cuidado de los dientes de leche de tu hijo<\/h2>\n<p>A partir de los tres a\u00f1os, tu hijo puede empezar a usar pasta dent\u00edfrica fluorada si la escupe en lugar de trag\u00e1rsela. Si se lleva a cabo un cuidado dental preventivo en casa y se acude a nuestra consulta de Boise para las revisiones pertinentes, se reducir\u00e1 significativamente la posibilidad de que aparezcan caries y enfermedades de las enc\u00edas.<\/p>\n<p>Tu hijo debe acudir a nuestra consulta dos veces al a\u00f1o, una vez cada seis meses. Durante estas visitas, nuestro dentista infantil realizar\u00e1 un examen completo de su salud bucodental. A los cuatro o cinco a\u00f1os, tu peque\u00f1o tambi\u00e9n puede empezar a hacerse limpiezas dentales profesionales. Recomendamos encarecidamente la aplicaci\u00f3n de fl\u00faor suplementario y selladores dentales para reducir a\u00fan m\u00e1s el riesgo de caries en los dientes de leche.<\/p>\n<p>En casa, cepilla los dientes de tu hijo hasta los cinco o seis a\u00f1os, y luego perm\u00edtele realizar la tarea, pero vigila de cerca su t\u00e9cnica y ofr\u00e9cele consejos. Los pasos b\u00e1sicos para una higiene bucal eficaz en casa son:<\/p>\n<ul>\n<li>Cepillar los dientes despu\u00e9s del desayuno.<\/li>\n<li>Cepillar los dientes y usar hilo dental despu\u00e9s de cenar.<\/li>\n<li>No le dejes bebiendo del biber\u00f3n en la cama, a menos que s\u00f3lo contenga agua.<\/li>\n<li>Restringe la cantidad de az\u00facares y almidones en la dieta de tu hijo.<\/li>\n<li>Acude a nuestra consulta cada seis meses para una revisi\u00f3n y limpieza dental.<\/li>\n<li>Ll\u00e1manos si observas alguna anomal\u00eda en la boca de tu hijo o si se queja de dolor de muelas.<\/li>\n<\/ul>\n<h2>Mant\u00e9n sana la sonrisa de tu hijo<\/h2>\n<p>Nuestra cl\u00ednica est\u00e1 dise\u00f1ada para satisfacer las necesidades de los ni\u00f1os, desde la decoraci\u00f3n alegre y divertida hasta el instrumental y la tecnolog\u00eda que empleamos. Nos entendemos a la perfecci\u00f3n con los pacientes j\u00f3venes y tenemos experiencia a la hora de ayudarles a sentirse c\u00f3modos, seguros y positivos durante las visitas al dentista. <a href=\"\/es\/contact\/\">Contacta con nuestra consulta hoy<\/a> mismo para concertar una cita para la revisi\u00f3n de tu hijo, \u00a1mant\u00e9n su sonrisa sana para toda la vida!<\/p>","protected":false},"excerpt":{"rendered":"<p>Cuidar los dientes de leche de tu hijo es de vital importancia. El cuidado dental preventivo en casa y en nuestra consulta de Boise reducir\u00e1 significativamente la aparici\u00f3n tanto de caries como de enfermedades de las enc\u00edas. <\/p>","protected":false},"author":2,"featured_media":3748,"parent":3402,"menu_order":0,"comment_status":"closed","ping_status":"closed","template":"","meta":{"_et_pb_use_builder":"","_et_pb_old_content":"","_et_gb_content_width":"","_monsterinsights_skip_tracking":false,"_monsterinsights_sitenote_active":false,"_monsterinsights_sitenote_note":"","_monsterinsights_sitenote_category":0,"footnotes":""},"class_list":["post-3436","page","type-page","status-publish","has-post-thumbnail","hentry"],"aioseo_notices":[],"aioseo_head":"\n\t\t<!-- All in One SEO Pro 4.9.5.2 - aioseo.com -->\n\t<meta name=\"description\" content=\"Primary teeth begin to erupt around the age of six months. Preventive dentistry in Boise for babies, toddlers, and children is important for good overall health.\" \/>\n\t<meta name=\"robots\" content=\"max-image-preview:large\" \/>\n\t<meta name=\"google-site-verification\" content=\"v-sYhcN3o2BuVnk3ojPL-EeMQ5RBDUgzDNKs7EcKcHA\" \/>\n\t<link rel=\"canonical\" href=\"https:\/\/www.boisetoothtown.com\/es\/services\/infant-toddler-dentistry\/primary-teeth\/\" \/>\n\t<meta name=\"generator\" content=\"All in One SEO Pro (AIOSEO) 4.9.5.2\" \/>\n\t\t<meta property=\"og:locale\" content=\"es_MX\" \/>\n\t\t<meta property=\"og:site_name\" content=\"Boise Toothtown Dentistry for Kids | Our dental office is devoted to serving our community and ensuring everyone has affordable access to dental care. We have several payment options available in addition to dental insurance, including Medicaid and CareCredit.\" \/>\n\t\t<meta property=\"og:type\" content=\"company\" \/>\n\t\t<meta property=\"og:title\" content=\"Primary Teeth in Boise | Boise Toothtown Dentistry for Kids\" \/>\n\t\t<meta property=\"og:description\" content=\"Primary teeth begin to erupt around the age of six months. Preventive dentistry in Boise for babies, toddlers, and children is important for good overall health.\" \/>\n\t\t<meta property=\"og:url\" content=\"https:\/\/www.boisetoothtown.com\/es\/services\/infant-toddler-dentistry\/primary-teeth\/\" \/>\n\t\t<meta property=\"og:image\" content=\"https:\/\/www.boisetoothtown.com\/wp-content\/uploads\/2024\/08\/ChildInDentalOffice.jpg\" \/>\n\t\t<meta property=\"og:image:secure_url\" content=\"https:\/\/www.boisetoothtown.com\/wp-content\/uploads\/2024\/08\/ChildInDentalOffice.jpg\" \/>\n\t\t<meta property=\"og:image:width\" content=\"600\" \/>\n\t\t<meta property=\"og:image:height\" content=\"600\" \/>\n\t\t<meta name=\"twitter:card\" content=\"summary_large_image\" \/>\n\t\t<meta name=\"twitter:title\" content=\"Primary Teeth in Boise | Boise Toothtown Dentistry for Kids\" \/>\n\t\t<meta name=\"twitter:description\" content=\"Primary teeth begin to erupt around the age of six months. Preventive dentistry in Boise for babies, toddlers, and children is important for good overall health.\" \/>\n\t\t<meta name=\"twitter:image\" content=\"https:\/\/www.boisetoothtown.com\/wp-content\/uploads\/2024\/07\/boise-toothtown-logo.png\" \/>\n\t\t<script type=\"application\/ld+json\" class=\"aioseo-schema\">\n\t\t\t{\"@context\":\"https:\\\/\\\/schema.org\",\"@graph\":[{\"@type\":\"BreadcrumbList\",\"@id\":\"https:\\\/\\\/www.boisetoothtown.com\\\/es\\\/services\\\/infant-toddler-dentistry\\\/primary-teeth\\\/#breadcrumblist\",\"itemListElement\":[{\"@type\":\"ListItem\",\"@id\":\"https:\\\/\\\/www.boisetoothtown.com\\\/es#listItem\",\"position\":1,\"name\":\"Home\",\"item\":\"https:\\\/\\\/www.boisetoothtown.com\\\/es\",\"nextItem\":{\"@type\":\"ListItem\",\"@id\":\"https:\\\/\\\/www.boisetoothtown.com\\\/es\\\/services\\\/#listItem\",\"name\":\"Services\"}},{\"@type\":\"ListItem\",\"@id\":\"https:\\\/\\\/www.boisetoothtown.com\\\/es\\\/services\\\/#listItem\",\"position\":2,\"name\":\"Services\",\"item\":\"https:\\\/\\\/www.boisetoothtown.com\\\/es\\\/services\\\/\",\"nextItem\":{\"@type\":\"ListItem\",\"@id\":\"https:\\\/\\\/www.boisetoothtown.com\\\/es\\\/services\\\/infant-toddler-dentistry\\\/#listItem\",\"name\":\"Infant &#038; Toddler Dentistry\"},\"previousItem\":{\"@type\":\"ListItem\",\"@id\":\"https:\\\/\\\/www.boisetoothtown.com\\\/es#listItem\",\"name\":\"Home\"}},{\"@type\":\"ListItem\",\"@id\":\"https:\\\/\\\/www.boisetoothtown.com\\\/es\\\/services\\\/infant-toddler-dentistry\\\/#listItem\",\"position\":3,\"name\":\"Infant &#038; Toddler Dentistry\",\"item\":\"https:\\\/\\\/www.boisetoothtown.com\\\/es\\\/services\\\/infant-toddler-dentistry\\\/\",\"nextItem\":{\"@type\":\"ListItem\",\"@id\":\"https:\\\/\\\/www.boisetoothtown.com\\\/es\\\/services\\\/infant-toddler-dentistry\\\/primary-teeth\\\/#listItem\",\"name\":\"Primary Teeth\"},\"previousItem\":{\"@type\":\"ListItem\",\"@id\":\"https:\\\/\\\/www.boisetoothtown.com\\\/es\\\/services\\\/#listItem\",\"name\":\"Services\"}},{\"@type\":\"ListItem\",\"@id\":\"https:\\\/\\\/www.boisetoothtown.com\\\/es\\\/services\\\/infant-toddler-dentistry\\\/primary-teeth\\\/#listItem\",\"position\":4,\"name\":\"Primary Teeth\",\"previousItem\":{\"@type\":\"ListItem\",\"@id\":\"https:\\\/\\\/www.boisetoothtown.com\\\/es\\\/services\\\/infant-toddler-dentistry\\\/#listItem\",\"name\":\"Infant &#038; Toddler Dentistry\"}}]},{\"@type\":\"Organization\",\"@id\":\"https:\\\/\\\/www.boisetoothtown.com\\\/es\\\/#organization\",\"name\":\"Boise Toothtown Dentistry for Kids\",\"description\":\"Our dental office is devoted to serving our community and ensuring everyone has affordable access to dental care. We have several payment options available in addition to dental insurance, including Medicaid and CareCredit.\",\"url\":\"https:\\\/\\\/www.boisetoothtown.com\\\/es\\\/\",\"email\":\"office@boisetoothtown.com\",\"telephone\":\"+12085041275\",\"logo\":{\"@type\":\"ImageObject\",\"url\":\"https:\\\/\\\/www.boisetoothtown.com\\\/wp-content\\\/uploads\\\/2024\\\/07\\\/boise-toothtown-logo.png\",\"@id\":\"https:\\\/\\\/www.boisetoothtown.com\\\/es\\\/services\\\/infant-toddler-dentistry\\\/primary-teeth\\\/#organizationLogo\",\"width\":350,\"height\":142},\"image\":{\"@id\":\"https:\\\/\\\/www.boisetoothtown.com\\\/es\\\/services\\\/infant-toddler-dentistry\\\/primary-teeth\\\/#organizationLogo\"},\"sameAs\":[\"https:\\\/\\\/www.facebook.com\\\/btoothtown1\\\/\",\"https:\\\/\\\/www.yelp.com\\\/biz\\\/boise-toothtown-boise\"],\"address\":{\"@id\":\"https:\\\/\\\/www.boisetoothtown.com\\\/es\\\/#postaladdress\",\"@type\":\"PostalAddress\",\"streetAddress\":\"13014 W. Persimmon Ln.,\",\"postalCode\":\"83713\",\"addressLocality\":\"Boise\",\"addressRegion\":\"Idaho\",\"addressCountry\":\"US\"}},{\"@type\":\"WebPage\",\"@id\":\"https:\\\/\\\/www.boisetoothtown.com\\\/es\\\/services\\\/infant-toddler-dentistry\\\/primary-teeth\\\/#webpage\",\"url\":\"https:\\\/\\\/www.boisetoothtown.com\\\/es\\\/services\\\/infant-toddler-dentistry\\\/primary-teeth\\\/\",\"name\":\"Primary Teeth in Boise | Boise Toothtown Dentistry for Kids\",\"description\":\"Primary teeth begin to erupt around the age of six months. Preventive dentistry in Boise for babies, toddlers, and children is important for good overall health.\",\"inLanguage\":\"es-MX\",\"isPartOf\":{\"@id\":\"https:\\\/\\\/www.boisetoothtown.com\\\/es\\\/#website\"},\"breadcrumb\":{\"@id\":\"https:\\\/\\\/www.boisetoothtown.com\\\/es\\\/services\\\/infant-toddler-dentistry\\\/primary-teeth\\\/#breadcrumblist\"},\"image\":{\"@type\":\"ImageObject\",\"url\":\"https:\\\/\\\/www.boisetoothtown.com\\\/wp-content\\\/uploads\\\/2024\\\/08\\\/ChildInDentalOffice.jpg\",\"@id\":\"https:\\\/\\\/www.boisetoothtown.com\\\/es\\\/services\\\/infant-toddler-dentistry\\\/primary-teeth\\\/#mainImage\",\"width\":600,\"height\":600,\"caption\":\"Child in coat smiling\"},\"primaryImageOfPage\":{\"@id\":\"https:\\\/\\\/www.boisetoothtown.com\\\/es\\\/services\\\/infant-toddler-dentistry\\\/primary-teeth\\\/#mainImage\"},\"datePublished\":\"2024-04-12T10:11:14-06:00\",\"dateModified\":\"2024-08-08T09:49:03-06:00\"},{\"@type\":\"WebSite\",\"@id\":\"https:\\\/\\\/www.boisetoothtown.com\\\/es\\\/#website\",\"url\":\"https:\\\/\\\/www.boisetoothtown.com\\\/es\\\/\",\"name\":\"Boise Toothtown Dentistry for Kids\",\"alternateName\":\"Boise Toothtown Dentistry\",\"description\":\"Our dental office is devoted to serving our community and ensuring everyone has affordable access to dental care. We have several payment options available in addition to dental insurance, including Medicaid and CareCredit.\",\"inLanguage\":\"es-MX\",\"publisher\":{\"@id\":\"https:\\\/\\\/www.boisetoothtown.com\\\/es\\\/#organization\"}}]}\n\t\t<\/script>\n\t\t<!-- All in One SEO Pro -->\r\n\t\t<title>Primary Teeth in Boise | Boise Toothtown Dentistry for Kids<\/title>\n\n","aioseo_head_json":{"title":"Cuidado de los dientes de leche en Boise | Boise Toothtown Dentistry for Kids","description":"Los dientes de leche empiezan a salir alrededor de los seis meses. Una buena odontolog\u00eda preventiva en ni\u00f1os y beb\u00e9s favorece una buena salud general.","canonical_url":"https:\/\/www.boisetoothtown.com\/es\/services\/infant-toddler-dentistry\/primary-teeth\/","robots":"max-image-preview:large","keywords":"","webmasterTools":{"google-site-verification":"v-sYhcN3o2BuVnk3ojPL-EeMQ5RBDUgzDNKs7EcKcHA","miscellaneous":""},"schema":{"@context":"https:\/\/schema.org","@graph":[{"@type":"BreadcrumbList","@id":"https:\/\/www.boisetoothtown.com\/es\/services\/infant-toddler-dentistry\/primary-teeth\/#breadcrumblist","itemListElement":[{"@type":"ListItem","@id":"https:\/\/www.boisetoothtown.com\/es#listItem","position":1,"name":"Home","item":"https:\/\/www.boisetoothtown.com\/es","nextItem":{"@type":"ListItem","@id":"https:\/\/www.boisetoothtown.com\/es\/services\/#listItem","name":"Services"}},{"@type":"ListItem","@id":"https:\/\/www.boisetoothtown.com\/es\/services\/#listItem","position":2,"name":"Services","item":"https:\/\/www.boisetoothtown.com\/es\/services\/","nextItem":{"@type":"ListItem","@id":"https:\/\/www.boisetoothtown.com\/es\/services\/infant-toddler-dentistry\/#listItem","name":"Infant &#038; Toddler Dentistry"},"previousItem":{"@type":"ListItem","@id":"https:\/\/www.boisetoothtown.com\/es#listItem","name":"Home"}},{"@type":"ListItem","@id":"https:\/\/www.boisetoothtown.com\/es\/services\/infant-toddler-dentistry\/#listItem","position":3,"name":"Infant &#038; Toddler Dentistry","item":"https:\/\/www.boisetoothtown.com\/es\/services\/infant-toddler-dentistry\/","nextItem":{"@type":"ListItem","@id":"https:\/\/www.boisetoothtown.com\/es\/services\/infant-toddler-dentistry\/primary-teeth\/#listItem","name":"Primary Teeth"},"previousItem":{"@type":"ListItem","@id":"https:\/\/www.boisetoothtown.com\/es\/services\/#listItem","name":"Services"}},{"@type":"ListItem","@id":"https:\/\/www.boisetoothtown.com\/es\/services\/infant-toddler-dentistry\/primary-teeth\/#listItem","position":4,"name":"Primary Teeth","previousItem":{"@type":"ListItem","@id":"https:\/\/www.boisetoothtown.com\/es\/services\/infant-toddler-dentistry\/#listItem","name":"Infant &#038; Toddler Dentistry"}}]},{"@type":"Organization","@id":"https:\/\/www.boisetoothtown.com\/es\/#organization","name":"Boise Toothtown Dentistry for Kids","description":"Our dental office is devoted to serving our community and ensuring everyone has affordable access to dental care. We have several payment options available in addition to dental insurance, including Medicaid and CareCredit.","url":"https:\/\/www.boisetoothtown.com\/es\/","email":"office@boisetoothtown.com","telephone":"+12085041275","logo":{"@type":"ImageObject","url":"https:\/\/www.boisetoothtown.com\/wp-content\/uploads\/2024\/07\/boise-toothtown-logo.png","@id":"https:\/\/www.boisetoothtown.com\/es\/services\/infant-toddler-dentistry\/primary-teeth\/#organizationLogo","width":350,"height":142},"image":{"@id":"https:\/\/www.boisetoothtown.com\/es\/services\/infant-toddler-dentistry\/primary-teeth\/#organizationLogo"},"sameAs":["https:\/\/www.facebook.com\/btoothtown1\/","https:\/\/www.yelp.com\/biz\/boise-toothtown-boise"],"address":{"@id":"https:\/\/www.boisetoothtown.com\/es\/#postaladdress","@type":"PostalAddress","streetAddress":"13014 W. Persimmon Ln.,","postalCode":"83713","addressLocality":"Boise","addressRegion":"Idaho","addressCountry":"US"}},{"@type":"WebPage","@id":"https:\/\/www.boisetoothtown.com\/es\/services\/infant-toddler-dentistry\/primary-teeth\/#webpage","url":"https:\/\/www.boisetoothtown.com\/es\/services\/infant-toddler-dentistry\/primary-teeth\/","name":"Primary Teeth in Boise | Boise Toothtown Dentistry for Kids","description":"Primary teeth begin to erupt around the age of six months. Preventive dentistry in Boise for babies, toddlers, and children is important for good overall health.","inLanguage":"es-MX","isPartOf":{"@id":"https:\/\/www.boisetoothtown.com\/es\/#website"},"breadcrumb":{"@id":"https:\/\/www.boisetoothtown.com\/es\/services\/infant-toddler-dentistry\/primary-teeth\/#breadcrumblist"},"image":{"@type":"ImageObject","url":"https:\/\/www.boisetoothtown.com\/wp-content\/uploads\/2024\/08\/ChildInDentalOffice.jpg","@id":"https:\/\/www.boisetoothtown.com\/es\/services\/infant-toddler-dentistry\/primary-teeth\/#mainImage","width":600,"height":600,"caption":"Child in coat smiling"},"primaryImageOfPage":{"@id":"https:\/\/www.boisetoothtown.com\/es\/services\/infant-toddler-dentistry\/primary-teeth\/#mainImage"},"datePublished":"2024-04-12T10:11:14-06:00","dateModified":"2024-08-08T09:49:03-06:00"},{"@type":"WebSite","@id":"https:\/\/www.boisetoothtown.com\/es\/#website","url":"https:\/\/www.boisetoothtown.com\/es\/","name":"Boise Toothtown Dentistry for Kids","alternateName":"Boise Toothtown Dentistry","description":"Our dental office is devoted to serving our community and ensuring everyone has affordable access to dental care. We have several payment options available in addition to dental insurance, including Medicaid and CareCredit.","inLanguage":"es-MX","publisher":{"@id":"https:\/\/www.boisetoothtown.com\/es\/#organization"}}]},"og:locale":"es_MX","og:site_name":"Boise Toothtown Dentistry for Kids | Our dental office is devoted to serving our community and ensuring everyone has affordable access to dental care. We have several payment options available in addition to dental insurance, including Medicaid and CareCredit.","og:type":"company","og:title":"Primary Teeth in Boise | Boise Toothtown Dentistry for Kids","og:description":"Primary teeth begin to erupt around the age of six months. Preventive dentistry in Boise for babies, toddlers, and children is important for good overall health.","og:url":"https:\/\/www.boisetoothtown.com\/es\/services\/infant-toddler-dentistry\/primary-teeth\/","og:image":"https:\/\/www.boisetoothtown.com\/wp-content\/uploads\/2024\/08\/ChildInDentalOffice.jpg","og:image:secure_url":"https:\/\/www.boisetoothtown.com\/wp-content\/uploads\/2024\/08\/ChildInDentalOffice.jpg","og:image:width":600,"og:image:height":600,"twitter:card":"summary_large_image","twitter:title":"Primary Teeth in Boise | Boise Toothtown Dentistry for Kids","twitter:description":"Primary teeth begin to erupt around the age of six months. Preventive dentistry in Boise for babies, toddlers, and children is important for good overall health.","twitter:image":"https:\/\/www.boisetoothtown.com\/wp-content\/uploads\/2024\/07\/boise-toothtown-logo.png"},"aioseo_meta_data":{"post_id":"3436","title":null,"description":null,"keywords":null,"keyphrases":{"focus":{"keyphrase":"","score":0,"analysis":{"keyphraseInTitle":{"score":0,"maxScore":9,"error":1}}},"additional":[]},"primary_term":null,"canonical_url":null,"og_title":null,"og_description":null,"og_object_type":"default","og_image_type":"default","og_image_url":null,"og_image_width":null,"og_image_height":null,"og_image_custom_url":null,"og_image_custom_fields":null,"og_video":"","og_custom_url":null,"og_article_section":null,"og_article_tags":null,"twitter_use_og":false,"twitter_card":"default","twitter_image_type":"default","twitter_image_url":null,"twitter_image_custom_url":null,"twitter_image_custom_fields":null,"twitter_title":null,"twitter_description":null,"schema":{"blockGraphs":[],"customGraphs":[],"default":{"data":{"Article":[],"Course":[],"Dataset":[],"FAQPage":[],"Movie":[],"Person":[],"Product":[],"ProductReview":[],"Car":[],"Recipe":[],"Service":[],"SoftwareApplication":[],"WebPage":[]},"graphName":"WebPage","isEnabled":true},"graphs":[]},"schema_type":"default","schema_type_options":null,"pillar_content":false,"robots_default":true,"robots_noindex":false,"robots_noarchive":false,"robots_nosnippet":false,"robots_nofollow":false,"robots_noimageindex":false,"robots_noodp":false,"robots_notranslate":false,"robots_max_snippet":"-1","robots_max_videopreview":"-1","robots_max_imagepreview":"large","priority":null,"frequency":"default","local_seo":null,"seo_analyzer_scan_date":"2025-08-16 13:19:23","breadcrumb_settings":null,"limit_modified_date":false,"open_ai":"{\"title\":{\"suggestions\":[],\"usage\":0},\"description\":{\"suggestions\":[],\"usage\":0}}","ai":null,"created":"2024-04-12 16:11:14","updated":"2025-10-21 20:32:11"},"aioseo_breadcrumb":"<div class=\"aioseo-breadcrumbs\"><span class=\"aioseo-breadcrumb\">\n\t<a href=\"https:\/\/www.boisetoothtown.com\/es\" title=\"Home\">Home<\/a>\n<\/span><span class=\"aioseo-breadcrumb-separator\">&raquo;<\/span><span class=\"aioseo-breadcrumb\">\n\t<a href=\"https:\/\/www.boisetoothtown.com\/es\/services\/\" title=\"Services\">Services<\/a>\n<\/span><span class=\"aioseo-breadcrumb-separator\">&raquo;<\/span><span class=\"aioseo-breadcrumb\">\n\t<a href=\"https:\/\/www.boisetoothtown.com\/es\/services\/infant-toddler-dentistry\/\" title=\"Infant &amp; Toddler Dentistry\">Infant &amp; Toddler Dentistry<\/a>\n<\/span><span class=\"aioseo-breadcrumb-separator\">&raquo;<\/span><span class=\"aioseo-breadcrumb\">\n\tPrimary Teeth\n<\/span><\/div>","aioseo_breadcrumb_json":[{"label":"Home","link":"https:\/\/www.boisetoothtown.com\/es"},{"label":"Services","link":"https:\/\/www.boisetoothtown.com\/es\/services\/"},{"label":"Infant &#038; Toddler Dentistry","link":"https:\/\/www.boisetoothtown.com\/es\/services\/infant-toddler-dentistry\/"},{"label":"Primary Teeth","link":"https:\/\/www.boisetoothtown.com\/es\/services\/infant-toddler-dentistry\/primary-teeth\/"}],"_links":{"self":[{"href":"https:\/\/www.boisetoothtown.com\/es\/wp-json\/wp\/v2\/pages\/3436","targetHints":{"allow":["GET"]}}],"collection":[{"href":"https:\/\/www.boisetoothtown.com\/es\/wp-json\/wp\/v2\/pages"}],"about":[{"href":"https:\/\/www.boisetoothtown.com\/es\/wp-json\/wp\/v2\/types\/page"}],"author":[{"embeddable":true,"href":"https:\/\/www.boisetoothtown.com\/es\/wp-json\/wp\/v2\/users\/2"}],"replies":[{"embeddable":true,"href":"https:\/\/www.boisetoothtown.com\/es\/wp-json\/wp\/v2\/comments?post=3436"}],"version-history":[{"count":0,"href":"https:\/\/www.boisetoothtown.com\/es\/wp-json\/wp\/v2\/pages\/3436\/revisions"}],"up":[{"embeddable":true,"href":"https:\/\/www.boisetoothtown.com\/es\/wp-json\/wp\/v2\/pages\/3402"}],"wp:featuredmedia":[{"embeddable":true,"href":"https:\/\/www.boisetoothtown.com\/es\/wp-json\/wp\/v2\/media\/3748"}],"wp:attachment":[{"href":"https:\/\/www.boisetoothtown.com\/es\/wp-json\/wp\/v2\/media?parent=3436"}],"curies":[{"name":"wp","href":"https:\/\/api.w.org\/{rel}","templated":true}]}}