{"id":3468,"date":"2024-04-15T11:53:22","date_gmt":"2024-04-15T17:53:22","guid":{"rendered":"https:\/\/www.boisetoothtown.com\/?page_id=3468"},"modified":"2024-05-10T14:33:46","modified_gmt":"2024-05-10T20:33:46","slug":"brushing","status":"publish","type":"page","link":"https:\/\/www.boisetoothtown.com\/es\/services\/preventive-dental-care\/brushing\/","title":{"rendered":"Cepillado dental"},"content":{"rendered":"<h2>Cepillado dental en Boise, ID<\/h2>\n<p>La <a href=\"\/es\/services\/general-dentist-for-children\/cavity-prevention-treatment\/\">caries dental<\/a> es una afecci\u00f3n infantil muy frecuente en todo el mundo. Las enfermedades de las enc\u00edas afectan a un 20% de los ni\u00f1os de entre 5 y 11 a\u00f1os. Cuando las hormonas empiezan a cambiar, aumenta el riesgo de sufrir este tipo de patolog\u00edas. La buena noticia es que las caries y las enfermedades de las enc\u00edas se pueden prevenir. Cepillarse los dientes dos veces al d\u00eda reduce mucho el riesgo de padecer estas dolencias.<\/p>\n<blockquote>\n<h5><em> <img loading=\"lazy\" decoding=\"async\" class=\"alignnone wp-image-3764\" src=\"https:\/\/www.boisetoothtown.com\/wp-content\/uploads\/2024\/08\/lightbulb.png\" alt=\"\" width=\"35\" height=\"35\" \/>DID YOU KNOW? <\/em><\/h5>\n<p> Most American public water supplies contain a safe level of fluoride, an important mineral for strengthening tooth enamel. Drinking tap water helps prevent cavities!<\/em><\/p><\/blockquote>\n<h2>Tu labor en la higiene dental diaria<\/h2>\n<p>Como padre o cuidador, desempe\u00f1as un papel esencial en la salud bucodental de tu hijo.<\/p>\n<p>Las palabras que utilices cuando hables del cuidado dental diario influir\u00e1n mucho en la respuesta de tu hijo, as\u00ed que intenta mantener una actitud positiva. Adem\u00e1s, da ejemplo de buenos h\u00e1bitos de higiene bucal personal y anima a tu hijo a que se cepille los dientes a fondo dos veces al d\u00eda junto a ti.<\/p>\n<p>Estas son las responsabilidades b\u00e1sicas que tienen los padres y cuidadores a la hora de ayudar a sus hijos a mantener una buena higiene dental en casa.<\/p>\n<ul>\n<li>Crea un h\u00e1bito constante a la hora de cepillarse los dientes dos veces al d\u00eda.<\/li>\n<li>Acompa\u00f1a a tu hijo en el cepillado y el <a href=\"\/es\/services\/preventive-dental-care\/flossing\/\">uso del<\/a> hilo dental.<\/li>\n<li>Cep\u00edllale los dientes y p\u00e1sale el hilo dental hasta que sea capaz de hacerlo por s\u00ed mismo.<\/li>\n<li>Sumin\u00edstrale pasta dent\u00edfrica y enjuague bucal (opcional) adecuados para su edad.<\/li>\n<li>Sustituye el cepillo de dientes de tu hijo cada tres o cuatro meses.<\/li>\n<li>Una vez que tu hijo se cepille solo, comprueba c\u00f3mo lo hace y ay\u00fadale a volver a cepillarse si es necesario.<\/li>\n<li>Los adolescentes necesitan que se les recuerde y anime a cepillarse los dientes y usar hilo dental a diario; los cambios hormonales aumentan el riesgo de desarrollar enfermedades de las enc\u00edas.<\/li>\n<li>Alimenta a tus hijos con una dieta sana, rica en nutrientes y baja en almidones, especialmente az\u00facares.<\/li>\n<\/ul>\n<h2>C\u00f3mo cepillar eficazmente los dientes de los ni\u00f1os<\/h2>\n<p>Llevas d\u00e9cadas cepill\u00e1ndote los dientes, as\u00ed que volvamos a lo b\u00e1sico. Estas instrucciones detallan los pasos para un cepillado eficaz de los dientes en casa.<\/p>\n<ul>\n<li>Deposita una gota de pasta dent\u00edfrica del tama\u00f1o de un guisante en el cepillo de dientes de tu hijo.<\/li>\n<li>Cepilla todas las superficies de cada diente durante dos minutos.<\/li>\n<li>Deja que tu hijo escupa la pasta dent\u00edfrica cuando lo necesite durante el cepillado.<\/li>\n<li>Enjuaga la boca de tu hijo con agua del grifo.<\/li>\n<li>Antes de acostarse, pasa el hilo dental por los dientes de tu hijo <em>antes<\/em> de cepill\u00e1rselos.<\/li>\n<\/ul>\n<p>Si tienes dudas sobre los h\u00e1bitos diarios de cepillado de tu hijo, preg\u00fantanos. Llama a nuestra cl\u00ednica o exp\u00f3n tus inquietudes en la pr\u00f3xima consulta de tu hijo. Siempre estamos dispuestos a ayudar a los padres a conocer la salud bucodental de sus hijos y a fomentar unos buenos h\u00e1bitos en su cepillado diario. \u00a1Nuestra misi\u00f3n es promover unas costumbres sanas que duren toda la vida!<\/p>\n<h2>C\u00f3mo elegir las mejores herramientas y productos<\/h2>\n<p>En el pasillo de productos dentales del supermercado, tienda o farmacia encontrar\u00e1s una amplia selecci\u00f3n de cepillos de dientes, pasta dent\u00edfrica, enjuagues bucales y otros muchos art\u00edculos. Los cepillos de dientes para beb\u00e9s tienen un aspecto diferente de los cepillos de dientes para ni\u00f1os peque\u00f1os. Algunos modelos se ajustan al dedo como un guante para facilitar el cepillado de las bocas diminutas.<\/p>\n<p>Los cepillos de dientes infantiles pueden mostrar personajes populares, temporizadores de cepillado y cabezales de distintos tama\u00f1os. Elige siempre un cepillo de cerdas suaves, a menos que el dentista aconseje otra cosa, y aseg\u00farate de que el cabezal es del tama\u00f1o adecuado para la boca de tu hijo. Deja que tus hijos elijan el cepillo que m\u00e1s les guste para que les haga ilusi\u00f3n lavarse los dientes.<\/p>\n<p>Existen pastas dent\u00edfricas de muchos sabores, pero a los ni\u00f1os peque\u00f1os suelen gustarles m\u00e1s las que tienen sabor a chicle o naranja. Las de sabor a menta pueden resultar fuertes cuando son peque\u00f1os, pero a los adolescentes les suele gustar la sensaci\u00f3n de frescor y el aroma de la pasta dent\u00edfrica de menta.<\/p>\n<h2>C\u00f3mo ayudamos a padres e hijos a trav\u00e9s de la odontolog\u00eda preventiva<\/h2>\n<p>Boise Toothtown Dentistry for Kids, como aliado en la atenci\u00f3n dental de tus hijos, se compromete a ayudarte a ense\u00f1arles buenos h\u00e1bitos de cepillado. Si crees que puede ser \u00fatil para ti o para tu hijo, podemos hacer una demostraci\u00f3n en nuestra consulta. Tambi\u00e9n queremos responder a todas tus preguntas sobre c\u00f3mo establecer una rutina de cuidado bucal eficaz y constante para tus hijos.<\/p>\n<p>Te ayudamos ofreci\u00e9ndote:<\/p>\n<ul>\n<li>Consejos y sugerencias para la higiene en casa<\/li>\n<li>Selladores dentales para molares dif\u00edciles de cepillar<\/li>\n<li>Suplementos de fl\u00faor dental en las revisiones<\/li>\n<li>Revisiones y limpiezas dentales dos veces al a\u00f1o<\/li>\n<li>Cuidado dental restaurador cuando sea necesario<\/li>\n<\/ul>\n<h2>Cuidado \u00f3ptimo de los dientes de tu hijo<\/h2>\n<p>En nuestra consulta, tu hijo disfrutar\u00e1 siempre de una Kidsperience incre\u00edble. Ll\u00e1manos hoy mismo para programar una revisi\u00f3n, una limpieza o una consulta para tratar cualquier cuesti\u00f3n odontol\u00f3gica. \u00a1Estamos deseando conocerte!<\/p>","protected":false},"excerpt":{"rendered":"<p>Estamos siempre dispuestos a ayudar a los padres a conocer la salud bucodental de sus hijos y a favorecer sus h\u00e1bitos diarios de cepillado. <\/p>","protected":false},"author":2,"featured_media":3578,"parent":3407,"menu_order":0,"comment_status":"closed","ping_status":"closed","template":"","meta":{"_et_pb_use_builder":"","_et_pb_old_content":"","_et_gb_content_width":"","_monsterinsights_skip_tracking":false,"_monsterinsights_sitenote_active":false,"_monsterinsights_sitenote_note":"","_monsterinsights_sitenote_category":0,"footnotes":""},"class_list":["post-3468","page","type-page","status-publish","has-post-thumbnail","hentry"],"aioseo_notices":[],"aioseo_head":"\n\t\t<!-- All in One SEO Pro 4.9.5.2 - aioseo.com -->\n\t<meta name=\"description\" content=\"Boise Toothtown Dentistry for Kids is dedicated to helping your child learn good brushing techniques and establish an effective daily home care routine.\" \/>\n\t<meta name=\"robots\" content=\"max-image-preview:large\" \/>\n\t<meta name=\"google-site-verification\" content=\"v-sYhcN3o2BuVnk3ojPL-EeMQ5RBDUgzDNKs7EcKcHA\" \/>\n\t<link rel=\"canonical\" href=\"https:\/\/www.boisetoothtown.com\/es\/services\/preventive-dental-care\/brushing\/\" \/>\n\t<meta name=\"generator\" content=\"All in One SEO Pro (AIOSEO) 4.9.5.2\" \/>\n\t\t<meta property=\"og:locale\" content=\"es_MX\" \/>\n\t\t<meta property=\"og:site_name\" content=\"Boise Toothtown Dentistry for Kids | Our dental office is devoted to serving our community and ensuring everyone has affordable access to dental care. We have several payment options available in addition to dental insurance, including Medicaid and CareCredit.\" \/>\n\t\t<meta property=\"og:type\" content=\"company\" \/>\n\t\t<meta property=\"og:title\" content=\"Brushing in Boise | Boise Toothtown Dentistry for Kids\" \/>\n\t\t<meta property=\"og:description\" content=\"Boise Toothtown Dentistry for Kids is dedicated to helping your child learn good brushing techniques and establish an effective daily home care routine.\" \/>\n\t\t<meta property=\"og:url\" content=\"https:\/\/www.boisetoothtown.com\/es\/services\/preventive-dental-care\/brushing\/\" \/>\n\t\t<meta property=\"og:image\" content=\"https:\/\/www.boisetoothtown.com\/wp-content\/uploads\/2024\/05\/GirlwithStuffedAnimalBrushingTeeth.jpg\" \/>\n\t\t<meta property=\"og:image:secure_url\" content=\"https:\/\/www.boisetoothtown.com\/wp-content\/uploads\/2024\/05\/GirlwithStuffedAnimalBrushingTeeth.jpg\" \/>\n\t\t<meta property=\"og:image:width\" content=\"600\" \/>\n\t\t<meta property=\"og:image:height\" content=\"600\" \/>\n\t\t<meta name=\"twitter:card\" content=\"summary_large_image\" \/>\n\t\t<meta name=\"twitter:title\" content=\"Brushing in Boise | Boise Toothtown Dentistry for Kids\" \/>\n\t\t<meta name=\"twitter:description\" content=\"Boise Toothtown Dentistry for Kids is dedicated to helping your child learn good brushing techniques and establish an effective daily home care routine.\" \/>\n\t\t<meta name=\"twitter:image\" content=\"https:\/\/www.boisetoothtown.com\/wp-content\/uploads\/2024\/07\/boise-toothtown-logo.png\" \/>\n\t\t<script type=\"application\/ld+json\" class=\"aioseo-schema\">\n\t\t\t{\"@context\":\"https:\\\/\\\/schema.org\",\"@graph\":[{\"@type\":\"BreadcrumbList\",\"@id\":\"https:\\\/\\\/www.boisetoothtown.com\\\/es\\\/services\\\/preventive-dental-care\\\/brushing\\\/#breadcrumblist\",\"itemListElement\":[{\"@type\":\"ListItem\",\"@id\":\"https:\\\/\\\/www.boisetoothtown.com\\\/es#listItem\",\"position\":1,\"name\":\"Home\",\"item\":\"https:\\\/\\\/www.boisetoothtown.com\\\/es\",\"nextItem\":{\"@type\":\"ListItem\",\"@id\":\"https:\\\/\\\/www.boisetoothtown.com\\\/es\\\/services\\\/#listItem\",\"name\":\"Services\"}},{\"@type\":\"ListItem\",\"@id\":\"https:\\\/\\\/www.boisetoothtown.com\\\/es\\\/services\\\/#listItem\",\"position\":2,\"name\":\"Services\",\"item\":\"https:\\\/\\\/www.boisetoothtown.com\\\/es\\\/services\\\/\",\"nextItem\":{\"@type\":\"ListItem\",\"@id\":\"https:\\\/\\\/www.boisetoothtown.com\\\/es\\\/services\\\/preventive-dental-care\\\/#listItem\",\"name\":\"Preventive Dental Care\"},\"previousItem\":{\"@type\":\"ListItem\",\"@id\":\"https:\\\/\\\/www.boisetoothtown.com\\\/es#listItem\",\"name\":\"Home\"}},{\"@type\":\"ListItem\",\"@id\":\"https:\\\/\\\/www.boisetoothtown.com\\\/es\\\/services\\\/preventive-dental-care\\\/#listItem\",\"position\":3,\"name\":\"Preventive Dental Care\",\"item\":\"https:\\\/\\\/www.boisetoothtown.com\\\/es\\\/services\\\/preventive-dental-care\\\/\",\"nextItem\":{\"@type\":\"ListItem\",\"@id\":\"https:\\\/\\\/www.boisetoothtown.com\\\/es\\\/services\\\/preventive-dental-care\\\/brushing\\\/#listItem\",\"name\":\"Brushing\"},\"previousItem\":{\"@type\":\"ListItem\",\"@id\":\"https:\\\/\\\/www.boisetoothtown.com\\\/es\\\/services\\\/#listItem\",\"name\":\"Services\"}},{\"@type\":\"ListItem\",\"@id\":\"https:\\\/\\\/www.boisetoothtown.com\\\/es\\\/services\\\/preventive-dental-care\\\/brushing\\\/#listItem\",\"position\":4,\"name\":\"Brushing\",\"previousItem\":{\"@type\":\"ListItem\",\"@id\":\"https:\\\/\\\/www.boisetoothtown.com\\\/es\\\/services\\\/preventive-dental-care\\\/#listItem\",\"name\":\"Preventive Dental Care\"}}]},{\"@type\":\"Organization\",\"@id\":\"https:\\\/\\\/www.boisetoothtown.com\\\/es\\\/#organization\",\"name\":\"Boise Toothtown Dentistry for Kids\",\"description\":\"Our dental office is devoted to serving our community and ensuring everyone has affordable access to dental care. We have several payment options available in addition to dental insurance, including Medicaid and CareCredit.\",\"url\":\"https:\\\/\\\/www.boisetoothtown.com\\\/es\\\/\",\"email\":\"office@boisetoothtown.com\",\"telephone\":\"+12085041275\",\"logo\":{\"@type\":\"ImageObject\",\"url\":\"https:\\\/\\\/www.boisetoothtown.com\\\/wp-content\\\/uploads\\\/2024\\\/07\\\/boise-toothtown-logo.png\",\"@id\":\"https:\\\/\\\/www.boisetoothtown.com\\\/es\\\/services\\\/preventive-dental-care\\\/brushing\\\/#organizationLogo\",\"width\":350,\"height\":142},\"image\":{\"@id\":\"https:\\\/\\\/www.boisetoothtown.com\\\/es\\\/services\\\/preventive-dental-care\\\/brushing\\\/#organizationLogo\"},\"sameAs\":[\"https:\\\/\\\/www.facebook.com\\\/btoothtown1\\\/\",\"https:\\\/\\\/www.yelp.com\\\/biz\\\/boise-toothtown-boise\"],\"address\":{\"@id\":\"https:\\\/\\\/www.boisetoothtown.com\\\/es\\\/#postaladdress\",\"@type\":\"PostalAddress\",\"streetAddress\":\"13014 W. Persimmon Ln.,\",\"postalCode\":\"83713\",\"addressLocality\":\"Boise\",\"addressRegion\":\"Idaho\",\"addressCountry\":\"US\"}},{\"@type\":\"WebPage\",\"@id\":\"https:\\\/\\\/www.boisetoothtown.com\\\/es\\\/services\\\/preventive-dental-care\\\/brushing\\\/#webpage\",\"url\":\"https:\\\/\\\/www.boisetoothtown.com\\\/es\\\/services\\\/preventive-dental-care\\\/brushing\\\/\",\"name\":\"Brushing in Boise | Boise Toothtown Dentistry for Kids\",\"description\":\"Boise Toothtown Dentistry for Kids is dedicated to helping your child learn good brushing techniques and establish an effective daily home care routine.\",\"inLanguage\":\"es-MX\",\"isPartOf\":{\"@id\":\"https:\\\/\\\/www.boisetoothtown.com\\\/es\\\/#website\"},\"breadcrumb\":{\"@id\":\"https:\\\/\\\/www.boisetoothtown.com\\\/es\\\/services\\\/preventive-dental-care\\\/brushing\\\/#breadcrumblist\"},\"image\":{\"@type\":\"ImageObject\",\"url\":\"https:\\\/\\\/www.boisetoothtown.com\\\/wp-content\\\/uploads\\\/2024\\\/05\\\/GirlwithStuffedAnimalBrushingTeeth.jpg\",\"@id\":\"https:\\\/\\\/www.boisetoothtown.com\\\/es\\\/services\\\/preventive-dental-care\\\/brushing\\\/#mainImage\",\"width\":600,\"height\":600,\"caption\":\"Girl brushing her teddy bear's teeth\"},\"primaryImageOfPage\":{\"@id\":\"https:\\\/\\\/www.boisetoothtown.com\\\/es\\\/services\\\/preventive-dental-care\\\/brushing\\\/#mainImage\"},\"datePublished\":\"2024-04-15T11:53:22-06:00\",\"dateModified\":\"2024-05-10T14:33:46-06:00\"},{\"@type\":\"WebSite\",\"@id\":\"https:\\\/\\\/www.boisetoothtown.com\\\/es\\\/#website\",\"url\":\"https:\\\/\\\/www.boisetoothtown.com\\\/es\\\/\",\"name\":\"Boise Toothtown Dentistry for Kids\",\"alternateName\":\"Boise Toothtown Dentistry\",\"description\":\"Our dental office is devoted to serving our community and ensuring everyone has affordable access to dental care. We have several payment options available in addition to dental insurance, including Medicaid and CareCredit.\",\"inLanguage\":\"es-MX\",\"publisher\":{\"@id\":\"https:\\\/\\\/www.boisetoothtown.com\\\/es\\\/#organization\"}}]}\n\t\t<\/script>\n\t\t<!-- All in One SEO Pro -->\r\n\t\t<title>Brushing in Boise | Boise Toothtown Dentistry for Kids<\/title>\n\n","aioseo_head_json":{"title":"Cepillado dental en Boise | Boise Toothtown Dentistry for Kids","description":"Boise Toothtown Dentistry for Kids tiene como misi\u00f3n ense\u00f1ar a tu hijo buenas t\u00e9cnicas de cepillado y establecer una rutina diaria eficaz de cuidados en casa.","canonical_url":"https:\/\/www.boisetoothtown.com\/es\/services\/preventive-dental-care\/brushing\/","robots":"max-image-preview:large","keywords":"","webmasterTools":{"google-site-verification":"v-sYhcN3o2BuVnk3ojPL-EeMQ5RBDUgzDNKs7EcKcHA","miscellaneous":""},"schema":{"@context":"https:\/\/schema.org","@graph":[{"@type":"BreadcrumbList","@id":"https:\/\/www.boisetoothtown.com\/es\/services\/preventive-dental-care\/brushing\/#breadcrumblist","itemListElement":[{"@type":"ListItem","@id":"https:\/\/www.boisetoothtown.com\/es#listItem","position":1,"name":"Home","item":"https:\/\/www.boisetoothtown.com\/es","nextItem":{"@type":"ListItem","@id":"https:\/\/www.boisetoothtown.com\/es\/services\/#listItem","name":"Services"}},{"@type":"ListItem","@id":"https:\/\/www.boisetoothtown.com\/es\/services\/#listItem","position":2,"name":"Services","item":"https:\/\/www.boisetoothtown.com\/es\/services\/","nextItem":{"@type":"ListItem","@id":"https:\/\/www.boisetoothtown.com\/es\/services\/preventive-dental-care\/#listItem","name":"Preventive Dental Care"},"previousItem":{"@type":"ListItem","@id":"https:\/\/www.boisetoothtown.com\/es#listItem","name":"Home"}},{"@type":"ListItem","@id":"https:\/\/www.boisetoothtown.com\/es\/services\/preventive-dental-care\/#listItem","position":3,"name":"Preventive Dental Care","item":"https:\/\/www.boisetoothtown.com\/es\/services\/preventive-dental-care\/","nextItem":{"@type":"ListItem","@id":"https:\/\/www.boisetoothtown.com\/es\/services\/preventive-dental-care\/brushing\/#listItem","name":"Brushing"},"previousItem":{"@type":"ListItem","@id":"https:\/\/www.boisetoothtown.com\/es\/services\/#listItem","name":"Services"}},{"@type":"ListItem","@id":"https:\/\/www.boisetoothtown.com\/es\/services\/preventive-dental-care\/brushing\/#listItem","position":4,"name":"Brushing","previousItem":{"@type":"ListItem","@id":"https:\/\/www.boisetoothtown.com\/es\/services\/preventive-dental-care\/#listItem","name":"Preventive Dental Care"}}]},{"@type":"Organization","@id":"https:\/\/www.boisetoothtown.com\/es\/#organization","name":"Boise Toothtown Dentistry for Kids","description":"Our dental office is devoted to serving our community and ensuring everyone has affordable access to dental care. We have several payment options available in addition to dental insurance, including Medicaid and CareCredit.","url":"https:\/\/www.boisetoothtown.com\/es\/","email":"office@boisetoothtown.com","telephone":"+12085041275","logo":{"@type":"ImageObject","url":"https:\/\/www.boisetoothtown.com\/wp-content\/uploads\/2024\/07\/boise-toothtown-logo.png","@id":"https:\/\/www.boisetoothtown.com\/es\/services\/preventive-dental-care\/brushing\/#organizationLogo","width":350,"height":142},"image":{"@id":"https:\/\/www.boisetoothtown.com\/es\/services\/preventive-dental-care\/brushing\/#organizationLogo"},"sameAs":["https:\/\/www.facebook.com\/btoothtown1\/","https:\/\/www.yelp.com\/biz\/boise-toothtown-boise"],"address":{"@id":"https:\/\/www.boisetoothtown.com\/es\/#postaladdress","@type":"PostalAddress","streetAddress":"13014 W. Persimmon Ln.,","postalCode":"83713","addressLocality":"Boise","addressRegion":"Idaho","addressCountry":"US"}},{"@type":"WebPage","@id":"https:\/\/www.boisetoothtown.com\/es\/services\/preventive-dental-care\/brushing\/#webpage","url":"https:\/\/www.boisetoothtown.com\/es\/services\/preventive-dental-care\/brushing\/","name":"Brushing in Boise | Boise Toothtown Dentistry for Kids","description":"Boise Toothtown Dentistry for Kids is dedicated to helping your child learn good brushing techniques and establish an effective daily home care routine.","inLanguage":"es-MX","isPartOf":{"@id":"https:\/\/www.boisetoothtown.com\/es\/#website"},"breadcrumb":{"@id":"https:\/\/www.boisetoothtown.com\/es\/services\/preventive-dental-care\/brushing\/#breadcrumblist"},"image":{"@type":"ImageObject","url":"https:\/\/www.boisetoothtown.com\/wp-content\/uploads\/2024\/05\/GirlwithStuffedAnimalBrushingTeeth.jpg","@id":"https:\/\/www.boisetoothtown.com\/es\/services\/preventive-dental-care\/brushing\/#mainImage","width":600,"height":600,"caption":"Girl brushing her teddy bear's teeth"},"primaryImageOfPage":{"@id":"https:\/\/www.boisetoothtown.com\/es\/services\/preventive-dental-care\/brushing\/#mainImage"},"datePublished":"2024-04-15T11:53:22-06:00","dateModified":"2024-05-10T14:33:46-06:00"},{"@type":"WebSite","@id":"https:\/\/www.boisetoothtown.com\/es\/#website","url":"https:\/\/www.boisetoothtown.com\/es\/","name":"Boise Toothtown Dentistry for Kids","alternateName":"Boise Toothtown Dentistry","description":"Our dental office is devoted to serving our community and ensuring everyone has affordable access to dental care. We have several payment options available in addition to dental insurance, including Medicaid and CareCredit.","inLanguage":"es-MX","publisher":{"@id":"https:\/\/www.boisetoothtown.com\/es\/#organization"}}]},"og:locale":"es_MX","og:site_name":"Boise Toothtown Dentistry for Kids | Our dental office is devoted to serving our community and ensuring everyone has affordable access to dental care. We have several payment options available in addition to dental insurance, including Medicaid and CareCredit.","og:type":"company","og:title":"Brushing in Boise | Boise Toothtown Dentistry for Kids","og:description":"Boise Toothtown Dentistry for Kids is dedicated to helping your child learn good brushing techniques and establish an effective daily home care routine.","og:url":"https:\/\/www.boisetoothtown.com\/es\/services\/preventive-dental-care\/brushing\/","og:image":"https:\/\/www.boisetoothtown.com\/wp-content\/uploads\/2024\/05\/GirlwithStuffedAnimalBrushingTeeth.jpg","og:image:secure_url":"https:\/\/www.boisetoothtown.com\/wp-content\/uploads\/2024\/05\/GirlwithStuffedAnimalBrushingTeeth.jpg","og:image:width":600,"og:image:height":600,"twitter:card":"summary_large_image","twitter:title":"Brushing in Boise | Boise Toothtown Dentistry for Kids","twitter:description":"Boise Toothtown Dentistry for Kids is dedicated to helping your child learn good brushing techniques and establish an effective daily home care routine.","twitter:image":"https:\/\/www.boisetoothtown.com\/wp-content\/uploads\/2024\/07\/boise-toothtown-logo.png"},"aioseo_meta_data":{"post_id":"3468","title":null,"description":null,"keywords":[],"keyphrases":{"focus":{"keyphrase":"","score":0,"analysis":{"keyphraseInTitle":{"score":0,"maxScore":9,"error":1}}},"additional":[]},"primary_term":null,"canonical_url":null,"og_title":null,"og_description":null,"og_object_type":"default","og_image_type":"default","og_image_url":null,"og_image_width":null,"og_image_height":null,"og_image_custom_url":null,"og_image_custom_fields":null,"og_video":"","og_custom_url":null,"og_article_section":null,"og_article_tags":[],"twitter_use_og":false,"twitter_card":"default","twitter_image_type":"default","twitter_image_url":null,"twitter_image_custom_url":null,"twitter_image_custom_fields":null,"twitter_title":null,"twitter_description":null,"schema":{"blockGraphs":[],"customGraphs":[],"default":{"data":{"Article":[],"Course":[],"Dataset":[],"FAQPage":[],"Movie":[],"Person":[],"Product":[],"ProductReview":[],"Car":[],"Recipe":[],"Service":[],"SoftwareApplication":[],"WebPage":[]},"graphName":"WebPage","isEnabled":true},"graphs":[]},"schema_type":"default","schema_type_options":null,"pillar_content":false,"robots_default":true,"robots_noindex":false,"robots_noarchive":false,"robots_nosnippet":false,"robots_nofollow":false,"robots_noimageindex":false,"robots_noodp":false,"robots_notranslate":false,"robots_max_snippet":"-1","robots_max_videopreview":"-1","robots_max_imagepreview":"large","priority":null,"frequency":"default","local_seo":null,"seo_analyzer_scan_date":"2025-08-16 13:17:06","breadcrumb_settings":null,"limit_modified_date":false,"open_ai":"{\"title\":{\"suggestions\":[],\"usage\":0},\"description\":{\"suggestions\":[],\"usage\":0}}","ai":null,"created":"2024-04-15 17:53:23","updated":"2025-10-21 20:32:11"},"aioseo_breadcrumb":"<div class=\"aioseo-breadcrumbs\"><span class=\"aioseo-breadcrumb\">\n\t<a href=\"https:\/\/www.boisetoothtown.com\/es\" title=\"Home\">Home<\/a>\n<\/span><span class=\"aioseo-breadcrumb-separator\">&raquo;<\/span><span class=\"aioseo-breadcrumb\">\n\t<a href=\"https:\/\/www.boisetoothtown.com\/es\/services\/\" title=\"Services\">Services<\/a>\n<\/span><span class=\"aioseo-breadcrumb-separator\">&raquo;<\/span><span class=\"aioseo-breadcrumb\">\n\t<a href=\"https:\/\/www.boisetoothtown.com\/es\/services\/preventive-dental-care\/\" title=\"Preventive Dental Care\">Preventive Dental Care<\/a>\n<\/span><span class=\"aioseo-breadcrumb-separator\">&raquo;<\/span><span class=\"aioseo-breadcrumb\">\n\tBrushing\n<\/span><\/div>","aioseo_breadcrumb_json":[{"label":"Home","link":"https:\/\/www.boisetoothtown.com\/es"},{"label":"Services","link":"https:\/\/www.boisetoothtown.com\/es\/services\/"},{"label":"Preventive Dental Care","link":"https:\/\/www.boisetoothtown.com\/es\/services\/preventive-dental-care\/"},{"label":"Brushing","link":"https:\/\/www.boisetoothtown.com\/es\/services\/preventive-dental-care\/brushing\/"}],"_links":{"self":[{"href":"https:\/\/www.boisetoothtown.com\/es\/wp-json\/wp\/v2\/pages\/3468","targetHints":{"allow":["GET"]}}],"collection":[{"href":"https:\/\/www.boisetoothtown.com\/es\/wp-json\/wp\/v2\/pages"}],"about":[{"href":"https:\/\/www.boisetoothtown.com\/es\/wp-json\/wp\/v2\/types\/page"}],"author":[{"embeddable":true,"href":"https:\/\/www.boisetoothtown.com\/es\/wp-json\/wp\/v2\/users\/2"}],"replies":[{"embeddable":true,"href":"https:\/\/www.boisetoothtown.com\/es\/wp-json\/wp\/v2\/comments?post=3468"}],"version-history":[{"count":0,"href":"https:\/\/www.boisetoothtown.com\/es\/wp-json\/wp\/v2\/pages\/3468\/revisions"}],"up":[{"embeddable":true,"href":"https:\/\/www.boisetoothtown.com\/es\/wp-json\/wp\/v2\/pages\/3407"}],"wp:featuredmedia":[{"embeddable":true,"href":"https:\/\/www.boisetoothtown.com\/es\/wp-json\/wp\/v2\/media\/3578"}],"wp:attachment":[{"href":"https:\/\/www.boisetoothtown.com\/es\/wp-json\/wp\/v2\/media?parent=3468"}],"curies":[{"name":"wp","href":"https:\/\/api.w.org\/{rel}","templated":true}]}}