{"id":3469,"date":"2024-04-15T11:55:14","date_gmt":"2024-04-15T17:55:14","guid":{"rendered":"https:\/\/www.boisetoothtown.com\/?page_id=3469"},"modified":"2024-05-10T15:05:01","modified_gmt":"2024-05-10T21:05:01","slug":"flossing","status":"publish","type":"page","link":"https:\/\/www.boisetoothtown.com\/es\/services\/preventive-dental-care\/flossing\/","title":{"rendered":"Uso del hilo dental"},"content":{"rendered":"<h2>Uso del hilo dental en Boise, ID<\/h2>\n<p>En casa, tu hijo debe cepillarse los dientes dos veces al d\u00eda y usar hilo dental a diario, como m\u00ednimo una vez, para evitar que quede comida atrapada entre los dientes, ya que podr\u00eda provocar caries o mal aliento. El momento id\u00f3neo para pasarse el hilo dental es justo antes del cepillado, a la hora de acostarse. A continuaci\u00f3n te mostramos t\u00e9cnicas sencillas y eficaces de uso del hilo dental, para que as\u00ed puedas limpiar bien los dientes de tu hijo. M\u00e1s adelante, cuando el ni\u00f1o pueda usar el hilo dental de forma independiente, podr\u00e1s instruirle adecuadamente. \u00a1Adem\u00e1s, t\u00fa tambi\u00e9n podr\u00e1s perfeccionar tu t\u00e9cnica!<\/p>\n<blockquote>\n<h5><em> <img loading=\"lazy\" decoding=\"async\" class=\"alignnone wp-image-3764\" src=\"https:\/\/www.boisetoothtown.com\/wp-content\/uploads\/2024\/08\/lightbulb.png\" alt=\"\" width=\"35\" height=\"35\" \/>DID YOU KNOW? <\/em><\/h5>\n<p> Research shows that less than 20% of children floss, while the adult statistic is just over 50%. <\/em><\/p><\/blockquote>\n<p>Muchas personas no usan hilo dental o s\u00f3lo lo emplean unas pocas veces al mes. Dado que la limpieza con hilo dental no requiere mucho tiempo, nos parece que la mayor\u00eda de la gente no lo hace porque le resulta engorroso porque no sabe c\u00f3mo hacerlo bien. Pues bien, nos gustar\u00eda ense\u00f1arte t\u00e9cnicas y ofrecerte consejos para ayudarte a ti y a tus hijos a utilizar el hilo dental de forma eficaz y pr\u00e1ctica.<\/p>\n<h2>C\u00f3mo usar correctamente el hilo dental<\/h2>\n<p>Uno de los secretos de una buena limpieza con hilo dental consiste en elegir la herramienta adecuada. Si el trabajo de enrollar el hilo dental alrededor de los dedos y utilizar las dos manos te resulta complicado, plant\u00e9ate el uso de seda dental prehilada. Estos peque\u00f1os instrumentos desechables caben c\u00f3modamente en la boca y s\u00f3lo requieren una mano. Su tama\u00f1o reducido los hace ideales para que los ni\u00f1os utilicen el hilo dental y para guardarlos en el bolsillo o en el bolso.<\/p>\n<p>El hilo dental puede estar disponible con sabores variados. A los ni\u00f1os no les suele gustar la menta, pero los sabores afrutados a menudo triunfan. La seda dental y los hilos preenhebrados pueden comprarse en una tienda f\u00edsica o por Internet, donde el surtido es mucho mayor.<\/p>\n<p>Pasa el hilo dental antes del cepillado a la hora de acostarse y despu\u00e9s de las comidas que tienden a dejar restos entre los dientes. Estos son los pasos para limpiar los dientes de tu hijo con hilo dental:<\/p>\n<ul>\n<li>Empieza por la parte posterior de la boca. Elige la arcada derecha o izquierda, superior o inferior. Antes de terminar, limpia cada junta entre los dientes.<\/li>\n<li>Desliza el hilo dental entre las dos muelas posteriores, en la base de los dientes, sobre la l\u00ednea de las enc\u00edas.<\/li>\n<li>Frota el hilo dental hacia delante y hacia atr\u00e1s mientras lo mueves hacia arriba o hacia abajo por ambos dientes.<\/li>\n<li>Aseg\u00farate de pasar el hilo dental justo en la l\u00ednea de las enc\u00edas, pero trata de no presionar con demasiada fuerza para no lastimarlas. Ten en cuenta que, si no te has pasado el hilo dental con regularidad, puede que te sangren las enc\u00edas. Esto es normal, pero no deber\u00eda persistir el sangrado si utilizas el hilo dental a diario.<\/li>\n<li>Contin\u00faa avanzando de junta en junta hasta que hayas limpiado con hilo dental todos los dientes de la boca.<\/li>\n<li>Enju\u00e1gate bien la boca, moviendo el agua en\u00e9rgicamente. Si quieres, puedes emplear un enjuague bucal.<\/li>\n<\/ul>\n<h2>Evita las enfermedades de las enc\u00edas y las caries<\/h2>\n<p>Las enfermedades de las enc\u00edas y las caries destruyen la salud bucodental. Cepillarse los dientes y usar hilo dental a diario elimina la placa y los restos de comida que contribuyen a la gingivitis y la caries. El hilo dental llega a zonas que el cepillo no puede limpiar, donde la placa se esconde e irrita el tejido de las enc\u00edas.<\/p>\n<p>La placa es una sustancia pegajosa, rica en bacterias, que se desarrolla de forma natural en nuestros dientes, y lo ideal es que nos la cepillemos y limpiemos con hilo dental a diario. Cuando la placa no se elimina en 48 horas, se calcifica y se convierte en una sustancia dura, maloliente y poco saludable, llamada sarro o c\u00e1lculo. El sarro no es soluble en agua, por lo que es dif\u00edcil de eliminar en casa. El higienista dental de tu hijo eliminar\u00e1 el sarro durante las limpiezas dentales.<\/p>\n<h2>Tus aliados de la buena salud bucodental<\/h2>\n<p>Adem\u00e1s de mantener una buena higiene bucal diaria en casa, tus hijos deben acudir a nuestra consulta cada seis meses para someterse a un examen bucal completo y a una limpieza dental. Solemos recomendar a nuestros j\u00f3venes pacientes la aplicaci\u00f3n de selladores dentales para proteger los molares contra la caries. Adem\u00e1s, los tratamientos de fl\u00faor que llevamos a cabo en nuestra cl\u00ednica fortalecen los dientes contra la caries. \u00a1Ponte en contacto con nosotros hoy mismo para concertar una cita con tu hijo en nuestra consulta de Boise! <a href=\"\/es\/services\/preventive-dental-care\/fluoride\/\">tratamientos con fl\u00faor<\/a> in our office strengthen teeth against decay. <a href=\"\/es\/contact\/\">Ponte en contacto con nosotros hoy mismo<\/a> to schedule your child\u2019s appointment at our Boise office!<\/p>","protected":false},"excerpt":{"rendered":"<p>En Boise Toothtown Dentistry for Kids nos complace ense\u00f1arte t\u00e9cnicas y darte consejos para ayudarte a ti y a tus hijos a utilizar el hilo dental de forma eficaz y eficiente. El hilo dental es una herramienta muy importante para la prevenci\u00f3n de la caries y para mantener sana la sonrisa de tu hijo.<\/p>","protected":false},"author":2,"featured_media":3562,"parent":3407,"menu_order":0,"comment_status":"closed","ping_status":"closed","template":"","meta":{"_et_pb_use_builder":"","_et_pb_old_content":"","_et_gb_content_width":"","_monsterinsights_skip_tracking":false,"_monsterinsights_sitenote_active":false,"_monsterinsights_sitenote_note":"","_monsterinsights_sitenote_category":0,"footnotes":""},"class_list":["post-3469","page","type-page","status-publish","has-post-thumbnail","hentry"],"aioseo_notices":[],"aioseo_head":"\n\t\t<!-- All in One SEO Pro 4.9.5.2 - aioseo.com -->\n\t<meta name=\"description\" content=\"it is important to floss your child\u2019s teeth regularly to prevent tooth decay. Learn the best tips from our children\u2019s dentist in Boise to help your child floss effectively.\" \/>\n\t<meta name=\"robots\" content=\"max-image-preview:large\" \/>\n\t<meta name=\"google-site-verification\" content=\"v-sYhcN3o2BuVnk3ojPL-EeMQ5RBDUgzDNKs7EcKcHA\" \/>\n\t<link rel=\"canonical\" href=\"https:\/\/www.boisetoothtown.com\/es\/services\/preventive-dental-care\/flossing\/\" \/>\n\t<meta name=\"generator\" content=\"All in One SEO Pro (AIOSEO) 4.9.5.2\" \/>\n\t\t<meta property=\"og:locale\" content=\"es_MX\" \/>\n\t\t<meta property=\"og:site_name\" content=\"Boise Toothtown Dentistry for Kids | Our dental office is devoted to serving our community and ensuring everyone has affordable access to dental care. We have several payment options available in addition to dental insurance, including Medicaid and CareCredit.\" \/>\n\t\t<meta property=\"og:type\" content=\"company\" \/>\n\t\t<meta property=\"og:title\" content=\"Flossing in Boise | Boise Toothtown Dentistry for Kids\" \/>\n\t\t<meta property=\"og:description\" content=\"it is important to floss your child\u2019s teeth regularly to prevent tooth decay. Learn the best tips from our children\u2019s dentist in Boise to help your child floss effectively.\" \/>\n\t\t<meta property=\"og:url\" content=\"https:\/\/www.boisetoothtown.com\/es\/services\/preventive-dental-care\/flossing\/\" \/>\n\t\t<meta property=\"og:image\" content=\"https:\/\/www.boisetoothtown.com\/wp-content\/uploads\/2024\/05\/FatherandDaughterFlossing.jpg\" \/>\n\t\t<meta property=\"og:image:secure_url\" content=\"https:\/\/www.boisetoothtown.com\/wp-content\/uploads\/2024\/05\/FatherandDaughterFlossing.jpg\" \/>\n\t\t<meta property=\"og:image:width\" content=\"600\" \/>\n\t\t<meta property=\"og:image:height\" content=\"600\" \/>\n\t\t<meta name=\"twitter:card\" content=\"summary_large_image\" \/>\n\t\t<meta name=\"twitter:title\" content=\"Flossing in Boise | Boise Toothtown Dentistry for Kids\" \/>\n\t\t<meta name=\"twitter:description\" content=\"it is important to floss your child\u2019s teeth regularly to prevent tooth decay. Learn the best tips from our children\u2019s dentist in Boise to help your child floss effectively.\" \/>\n\t\t<meta name=\"twitter:image\" content=\"https:\/\/www.boisetoothtown.com\/wp-content\/uploads\/2024\/07\/boise-toothtown-logo.png\" \/>\n\t\t<script type=\"application\/ld+json\" class=\"aioseo-schema\">\n\t\t\t{\"@context\":\"https:\\\/\\\/schema.org\",\"@graph\":[{\"@type\":\"BreadcrumbList\",\"@id\":\"https:\\\/\\\/www.boisetoothtown.com\\\/es\\\/services\\\/preventive-dental-care\\\/flossing\\\/#breadcrumblist\",\"itemListElement\":[{\"@type\":\"ListItem\",\"@id\":\"https:\\\/\\\/www.boisetoothtown.com\\\/es#listItem\",\"position\":1,\"name\":\"Home\",\"item\":\"https:\\\/\\\/www.boisetoothtown.com\\\/es\",\"nextItem\":{\"@type\":\"ListItem\",\"@id\":\"https:\\\/\\\/www.boisetoothtown.com\\\/es\\\/services\\\/#listItem\",\"name\":\"Services\"}},{\"@type\":\"ListItem\",\"@id\":\"https:\\\/\\\/www.boisetoothtown.com\\\/es\\\/services\\\/#listItem\",\"position\":2,\"name\":\"Services\",\"item\":\"https:\\\/\\\/www.boisetoothtown.com\\\/es\\\/services\\\/\",\"nextItem\":{\"@type\":\"ListItem\",\"@id\":\"https:\\\/\\\/www.boisetoothtown.com\\\/es\\\/services\\\/preventive-dental-care\\\/#listItem\",\"name\":\"Preventive Dental Care\"},\"previousItem\":{\"@type\":\"ListItem\",\"@id\":\"https:\\\/\\\/www.boisetoothtown.com\\\/es#listItem\",\"name\":\"Home\"}},{\"@type\":\"ListItem\",\"@id\":\"https:\\\/\\\/www.boisetoothtown.com\\\/es\\\/services\\\/preventive-dental-care\\\/#listItem\",\"position\":3,\"name\":\"Preventive Dental Care\",\"item\":\"https:\\\/\\\/www.boisetoothtown.com\\\/es\\\/services\\\/preventive-dental-care\\\/\",\"nextItem\":{\"@type\":\"ListItem\",\"@id\":\"https:\\\/\\\/www.boisetoothtown.com\\\/es\\\/services\\\/preventive-dental-care\\\/flossing\\\/#listItem\",\"name\":\"Flossing\"},\"previousItem\":{\"@type\":\"ListItem\",\"@id\":\"https:\\\/\\\/www.boisetoothtown.com\\\/es\\\/services\\\/#listItem\",\"name\":\"Services\"}},{\"@type\":\"ListItem\",\"@id\":\"https:\\\/\\\/www.boisetoothtown.com\\\/es\\\/services\\\/preventive-dental-care\\\/flossing\\\/#listItem\",\"position\":4,\"name\":\"Flossing\",\"previousItem\":{\"@type\":\"ListItem\",\"@id\":\"https:\\\/\\\/www.boisetoothtown.com\\\/es\\\/services\\\/preventive-dental-care\\\/#listItem\",\"name\":\"Preventive Dental Care\"}}]},{\"@type\":\"Organization\",\"@id\":\"https:\\\/\\\/www.boisetoothtown.com\\\/es\\\/#organization\",\"name\":\"Boise Toothtown Dentistry for Kids\",\"description\":\"Our dental office is devoted to serving our community and ensuring everyone has affordable access to dental care. We have several payment options available in addition to dental insurance, including Medicaid and CareCredit.\",\"url\":\"https:\\\/\\\/www.boisetoothtown.com\\\/es\\\/\",\"email\":\"office@boisetoothtown.com\",\"telephone\":\"+12085041275\",\"logo\":{\"@type\":\"ImageObject\",\"url\":\"https:\\\/\\\/www.boisetoothtown.com\\\/wp-content\\\/uploads\\\/2024\\\/07\\\/boise-toothtown-logo.png\",\"@id\":\"https:\\\/\\\/www.boisetoothtown.com\\\/es\\\/services\\\/preventive-dental-care\\\/flossing\\\/#organizationLogo\",\"width\":350,\"height\":142},\"image\":{\"@id\":\"https:\\\/\\\/www.boisetoothtown.com\\\/es\\\/services\\\/preventive-dental-care\\\/flossing\\\/#organizationLogo\"},\"sameAs\":[\"https:\\\/\\\/www.facebook.com\\\/btoothtown1\\\/\",\"https:\\\/\\\/www.yelp.com\\\/biz\\\/boise-toothtown-boise\"],\"address\":{\"@id\":\"https:\\\/\\\/www.boisetoothtown.com\\\/es\\\/#postaladdress\",\"@type\":\"PostalAddress\",\"streetAddress\":\"13014 W. Persimmon Ln.,\",\"postalCode\":\"83713\",\"addressLocality\":\"Boise\",\"addressRegion\":\"Idaho\",\"addressCountry\":\"US\"}},{\"@type\":\"WebPage\",\"@id\":\"https:\\\/\\\/www.boisetoothtown.com\\\/es\\\/services\\\/preventive-dental-care\\\/flossing\\\/#webpage\",\"url\":\"https:\\\/\\\/www.boisetoothtown.com\\\/es\\\/services\\\/preventive-dental-care\\\/flossing\\\/\",\"name\":\"Flossing in Boise | Boise Toothtown Dentistry for Kids\",\"description\":\"it is important to floss your child\\u2019s teeth regularly to prevent tooth decay. Learn the best tips from our children\\u2019s dentist in Boise to help your child floss effectively.\",\"inLanguage\":\"es-MX\",\"isPartOf\":{\"@id\":\"https:\\\/\\\/www.boisetoothtown.com\\\/es\\\/#website\"},\"breadcrumb\":{\"@id\":\"https:\\\/\\\/www.boisetoothtown.com\\\/es\\\/services\\\/preventive-dental-care\\\/flossing\\\/#breadcrumblist\"},\"image\":{\"@type\":\"ImageObject\",\"url\":\"https:\\\/\\\/www.boisetoothtown.com\\\/wp-content\\\/uploads\\\/2024\\\/05\\\/FatherandDaughterFlossing.jpg\",\"@id\":\"https:\\\/\\\/www.boisetoothtown.com\\\/es\\\/services\\\/preventive-dental-care\\\/flossing\\\/#mainImage\",\"width\":600,\"height\":600,\"caption\":\"Father and daughter flossing their teeth\"},\"primaryImageOfPage\":{\"@id\":\"https:\\\/\\\/www.boisetoothtown.com\\\/es\\\/services\\\/preventive-dental-care\\\/flossing\\\/#mainImage\"},\"datePublished\":\"2024-04-15T11:55:14-06:00\",\"dateModified\":\"2024-05-10T15:05:01-06:00\"},{\"@type\":\"WebSite\",\"@id\":\"https:\\\/\\\/www.boisetoothtown.com\\\/es\\\/#website\",\"url\":\"https:\\\/\\\/www.boisetoothtown.com\\\/es\\\/\",\"name\":\"Boise Toothtown Dentistry for Kids\",\"alternateName\":\"Boise Toothtown Dentistry\",\"description\":\"Our dental office is devoted to serving our community and ensuring everyone has affordable access to dental care. We have several payment options available in addition to dental insurance, including Medicaid and CareCredit.\",\"inLanguage\":\"es-MX\",\"publisher\":{\"@id\":\"https:\\\/\\\/www.boisetoothtown.com\\\/es\\\/#organization\"}}]}\n\t\t<\/script>\n\t\t<!-- All in One SEO Pro -->\r\n\t\t<title>Flossing in Boise | Boise Toothtown Dentistry for Kids<\/title>\n\n","aioseo_head_json":{"title":"Uso del hilo dental en Boise | Boise Toothtown Dentistry for Kids","description":"Es importante que le pases el hilo dental a tu hijo regularmente para prevenir las caries. Nuestro dentista infantil de Boise te da consejos al respecto.","canonical_url":"https:\/\/www.boisetoothtown.com\/es\/services\/preventive-dental-care\/flossing\/","robots":"max-image-preview:large","keywords":"","webmasterTools":{"google-site-verification":"v-sYhcN3o2BuVnk3ojPL-EeMQ5RBDUgzDNKs7EcKcHA","miscellaneous":""},"schema":{"@context":"https:\/\/schema.org","@graph":[{"@type":"BreadcrumbList","@id":"https:\/\/www.boisetoothtown.com\/es\/services\/preventive-dental-care\/flossing\/#breadcrumblist","itemListElement":[{"@type":"ListItem","@id":"https:\/\/www.boisetoothtown.com\/es#listItem","position":1,"name":"Home","item":"https:\/\/www.boisetoothtown.com\/es","nextItem":{"@type":"ListItem","@id":"https:\/\/www.boisetoothtown.com\/es\/services\/#listItem","name":"Services"}},{"@type":"ListItem","@id":"https:\/\/www.boisetoothtown.com\/es\/services\/#listItem","position":2,"name":"Services","item":"https:\/\/www.boisetoothtown.com\/es\/services\/","nextItem":{"@type":"ListItem","@id":"https:\/\/www.boisetoothtown.com\/es\/services\/preventive-dental-care\/#listItem","name":"Preventive Dental Care"},"previousItem":{"@type":"ListItem","@id":"https:\/\/www.boisetoothtown.com\/es#listItem","name":"Home"}},{"@type":"ListItem","@id":"https:\/\/www.boisetoothtown.com\/es\/services\/preventive-dental-care\/#listItem","position":3,"name":"Preventive Dental Care","item":"https:\/\/www.boisetoothtown.com\/es\/services\/preventive-dental-care\/","nextItem":{"@type":"ListItem","@id":"https:\/\/www.boisetoothtown.com\/es\/services\/preventive-dental-care\/flossing\/#listItem","name":"Flossing"},"previousItem":{"@type":"ListItem","@id":"https:\/\/www.boisetoothtown.com\/es\/services\/#listItem","name":"Services"}},{"@type":"ListItem","@id":"https:\/\/www.boisetoothtown.com\/es\/services\/preventive-dental-care\/flossing\/#listItem","position":4,"name":"Flossing","previousItem":{"@type":"ListItem","@id":"https:\/\/www.boisetoothtown.com\/es\/services\/preventive-dental-care\/#listItem","name":"Preventive Dental Care"}}]},{"@type":"Organization","@id":"https:\/\/www.boisetoothtown.com\/es\/#organization","name":"Boise Toothtown Dentistry for Kids","description":"Our dental office is devoted to serving our community and ensuring everyone has affordable access to dental care. We have several payment options available in addition to dental insurance, including Medicaid and CareCredit.","url":"https:\/\/www.boisetoothtown.com\/es\/","email":"office@boisetoothtown.com","telephone":"+12085041275","logo":{"@type":"ImageObject","url":"https:\/\/www.boisetoothtown.com\/wp-content\/uploads\/2024\/07\/boise-toothtown-logo.png","@id":"https:\/\/www.boisetoothtown.com\/es\/services\/preventive-dental-care\/flossing\/#organizationLogo","width":350,"height":142},"image":{"@id":"https:\/\/www.boisetoothtown.com\/es\/services\/preventive-dental-care\/flossing\/#organizationLogo"},"sameAs":["https:\/\/www.facebook.com\/btoothtown1\/","https:\/\/www.yelp.com\/biz\/boise-toothtown-boise"],"address":{"@id":"https:\/\/www.boisetoothtown.com\/es\/#postaladdress","@type":"PostalAddress","streetAddress":"13014 W. Persimmon Ln.,","postalCode":"83713","addressLocality":"Boise","addressRegion":"Idaho","addressCountry":"US"}},{"@type":"WebPage","@id":"https:\/\/www.boisetoothtown.com\/es\/services\/preventive-dental-care\/flossing\/#webpage","url":"https:\/\/www.boisetoothtown.com\/es\/services\/preventive-dental-care\/flossing\/","name":"Flossing in Boise | Boise Toothtown Dentistry for Kids","description":"it is important to floss your child\u2019s teeth regularly to prevent tooth decay. Learn the best tips from our children\u2019s dentist in Boise to help your child floss effectively.","inLanguage":"es-MX","isPartOf":{"@id":"https:\/\/www.boisetoothtown.com\/es\/#website"},"breadcrumb":{"@id":"https:\/\/www.boisetoothtown.com\/es\/services\/preventive-dental-care\/flossing\/#breadcrumblist"},"image":{"@type":"ImageObject","url":"https:\/\/www.boisetoothtown.com\/wp-content\/uploads\/2024\/05\/FatherandDaughterFlossing.jpg","@id":"https:\/\/www.boisetoothtown.com\/es\/services\/preventive-dental-care\/flossing\/#mainImage","width":600,"height":600,"caption":"Father and daughter flossing their teeth"},"primaryImageOfPage":{"@id":"https:\/\/www.boisetoothtown.com\/es\/services\/preventive-dental-care\/flossing\/#mainImage"},"datePublished":"2024-04-15T11:55:14-06:00","dateModified":"2024-05-10T15:05:01-06:00"},{"@type":"WebSite","@id":"https:\/\/www.boisetoothtown.com\/es\/#website","url":"https:\/\/www.boisetoothtown.com\/es\/","name":"Boise Toothtown Dentistry for Kids","alternateName":"Boise Toothtown Dentistry","description":"Our dental office is devoted to serving our community and ensuring everyone has affordable access to dental care. We have several payment options available in addition to dental insurance, including Medicaid and CareCredit.","inLanguage":"es-MX","publisher":{"@id":"https:\/\/www.boisetoothtown.com\/es\/#organization"}}]},"og:locale":"es_MX","og:site_name":"Boise Toothtown Dentistry for Kids | Our dental office is devoted to serving our community and ensuring everyone has affordable access to dental care. We have several payment options available in addition to dental insurance, including Medicaid and CareCredit.","og:type":"company","og:title":"Flossing in Boise | Boise Toothtown Dentistry for Kids","og:description":"it is important to floss your child\u2019s teeth regularly to prevent tooth decay. Learn the best tips from our children\u2019s dentist in Boise to help your child floss effectively.","og:url":"https:\/\/www.boisetoothtown.com\/es\/services\/preventive-dental-care\/flossing\/","og:image":"https:\/\/www.boisetoothtown.com\/wp-content\/uploads\/2024\/05\/FatherandDaughterFlossing.jpg","og:image:secure_url":"https:\/\/www.boisetoothtown.com\/wp-content\/uploads\/2024\/05\/FatherandDaughterFlossing.jpg","og:image:width":600,"og:image:height":600,"twitter:card":"summary_large_image","twitter:title":"Flossing in Boise | Boise Toothtown Dentistry for Kids","twitter:description":"it is important to floss your child\u2019s teeth regularly to prevent tooth decay. Learn the best tips from our children\u2019s dentist in Boise to help your child floss effectively.","twitter:image":"https:\/\/www.boisetoothtown.com\/wp-content\/uploads\/2024\/07\/boise-toothtown-logo.png"},"aioseo_meta_data":{"post_id":"3469","title":null,"description":null,"keywords":[],"keyphrases":{"focus":{"keyphrase":"","score":0,"analysis":{"keyphraseInTitle":{"score":0,"maxScore":9,"error":1}}},"additional":[]},"primary_term":null,"canonical_url":null,"og_title":null,"og_description":null,"og_object_type":"default","og_image_type":"default","og_image_url":null,"og_image_width":null,"og_image_height":null,"og_image_custom_url":null,"og_image_custom_fields":null,"og_video":"","og_custom_url":null,"og_article_section":null,"og_article_tags":[],"twitter_use_og":false,"twitter_card":"default","twitter_image_type":"default","twitter_image_url":null,"twitter_image_custom_url":null,"twitter_image_custom_fields":null,"twitter_title":null,"twitter_description":null,"schema":{"blockGraphs":[],"customGraphs":[],"default":{"data":{"Article":[],"Course":[],"Dataset":[],"FAQPage":[],"Movie":[],"Person":[],"Product":[],"ProductReview":[],"Car":[],"Recipe":[],"Service":[],"SoftwareApplication":[],"WebPage":[]},"graphName":"WebPage","isEnabled":true},"graphs":[]},"schema_type":"default","schema_type_options":null,"pillar_content":false,"robots_default":true,"robots_noindex":false,"robots_noarchive":false,"robots_nosnippet":false,"robots_nofollow":false,"robots_noimageindex":false,"robots_noodp":false,"robots_notranslate":false,"robots_max_snippet":"-1","robots_max_videopreview":"-1","robots_max_imagepreview":"large","priority":null,"frequency":"default","local_seo":null,"seo_analyzer_scan_date":"2025-08-16 13:17:05","breadcrumb_settings":null,"limit_modified_date":false,"open_ai":"{\"title\":{\"suggestions\":[],\"usage\":0},\"description\":{\"suggestions\":[],\"usage\":0}}","ai":null,"created":"2024-04-15 17:55:14","updated":"2025-10-21 20:32:11"},"aioseo_breadcrumb":"<div class=\"aioseo-breadcrumbs\"><span class=\"aioseo-breadcrumb\">\n\t<a href=\"https:\/\/www.boisetoothtown.com\/es\" title=\"Home\">Home<\/a>\n<\/span><span class=\"aioseo-breadcrumb-separator\">&raquo;<\/span><span class=\"aioseo-breadcrumb\">\n\t<a href=\"https:\/\/www.boisetoothtown.com\/es\/services\/\" title=\"Services\">Services<\/a>\n<\/span><span class=\"aioseo-breadcrumb-separator\">&raquo;<\/span><span class=\"aioseo-breadcrumb\">\n\t<a href=\"https:\/\/www.boisetoothtown.com\/es\/services\/preventive-dental-care\/\" title=\"Preventive Dental Care\">Preventive Dental Care<\/a>\n<\/span><span class=\"aioseo-breadcrumb-separator\">&raquo;<\/span><span class=\"aioseo-breadcrumb\">\n\tFlossing\n<\/span><\/div>","aioseo_breadcrumb_json":[{"label":"Home","link":"https:\/\/www.boisetoothtown.com\/es"},{"label":"Services","link":"https:\/\/www.boisetoothtown.com\/es\/services\/"},{"label":"Preventive Dental Care","link":"https:\/\/www.boisetoothtown.com\/es\/services\/preventive-dental-care\/"},{"label":"Flossing","link":"https:\/\/www.boisetoothtown.com\/es\/services\/preventive-dental-care\/flossing\/"}],"_links":{"self":[{"href":"https:\/\/www.boisetoothtown.com\/es\/wp-json\/wp\/v2\/pages\/3469","targetHints":{"allow":["GET"]}}],"collection":[{"href":"https:\/\/www.boisetoothtown.com\/es\/wp-json\/wp\/v2\/pages"}],"about":[{"href":"https:\/\/www.boisetoothtown.com\/es\/wp-json\/wp\/v2\/types\/page"}],"author":[{"embeddable":true,"href":"https:\/\/www.boisetoothtown.com\/es\/wp-json\/wp\/v2\/users\/2"}],"replies":[{"embeddable":true,"href":"https:\/\/www.boisetoothtown.com\/es\/wp-json\/wp\/v2\/comments?post=3469"}],"version-history":[{"count":0,"href":"https:\/\/www.boisetoothtown.com\/es\/wp-json\/wp\/v2\/pages\/3469\/revisions"}],"up":[{"embeddable":true,"href":"https:\/\/www.boisetoothtown.com\/es\/wp-json\/wp\/v2\/pages\/3407"}],"wp:featuredmedia":[{"embeddable":true,"href":"https:\/\/www.boisetoothtown.com\/es\/wp-json\/wp\/v2\/media\/3562"}],"wp:attachment":[{"href":"https:\/\/www.boisetoothtown.com\/es\/wp-json\/wp\/v2\/media?parent=3469"}],"curies":[{"name":"wp","href":"https:\/\/api.w.org\/{rel}","templated":true}]}}